{"id":10,"date":"2021-11-24T14:45:38","date_gmt":"2021-11-24T17:45:38","guid":{"rendered":"http:\/\/localhost\/_LYMP_WEB\/___lymp-default\/?page_id=10"},"modified":"2026-01-06T17:49:44","modified_gmt":"2026-01-06T20:49:44","slug":"home","status":"publish","type":"page","link":"https:\/\/octafy.com\/pt\/","title":{"rendered":"Home"},"content":{"rendered":"<div class=\"ctn_apresentacao bg_cor-id-2_dark ctn_bg-img-over\">\n<div class=\"1000 jd-slider jd-slider_apresentacao effectJs-init effectJs-animate slider--none\" data-effectjs=\"fade\" data-effectjs-duration=\"1000\">\n<div class=\"slide-inner\">\n<div>\n<div>\n<h1 class=\"titulo titulo_50 titulo_400 txt_branco text-center mg-bt_30\">Ajudamos empresas a\u00a0crescer\u00a0atrav\u00e9s\u00a0da\u00a0tecnologia<\/h1>\n<\/div>\n<\/div>\n<\/div>\n<\/div>\n<\/div>\n<div class=\"container-fluid ctn_cards ctn_how bg_cor-id-2_lightest\">\n<div class=\"container ctn_default\">\n<div class=\"row\">\n<div class=\"col-md-10 col-md-push-1\">\n<h2 class=\"titulo titulo_40 titulo_700 txt_cor-id-2_dark text-center mg-bt_50\">Como ajudamos<\/h2>\n<ul>\n<li class=\"500 effectJs-init\" data-effectjs=\"fade\" data-effectjs-duration=\"500\">\n<div class=\"ctn_titulo\">\n<h3 class=\"titulo titulo_600 txt_branco text-center\">Managed Services<\/h3>\n<p class=\"txt_branco text-center\">Subscription Services<\/p>\n<\/div>\n<\/li>\n<li class=\"500 effectJs-init\" data-effectjs=\"fade\" data-effectjs-duration=\"500\">\n<div class=\"ctn_titulo\">\n<h3 class=\"titulo titulo_600 txt_branco text-center\">OceanAI<\/h3>\n<p class=\"txt_branco text-center\">Your IT copilot<\/p>\n<\/div>\n<\/li>\n<li class=\"500 effectJs-init\" data-effectjs=\"fade\" data-effectjs-duration=\"500\">\n<div class=\"ctn_titulo\">\n<h3 class=\"titulo titulo_600 txt_branco text-center\">Cloud<\/h3>\n<p class=\"txt_branco text-center\">A base da inova\u00e7\u00e3o<\/p>\n<\/div>\n<\/li>\n<li class=\"500 effectJs-init\" data-effectjs=\"fade\" data-effectjs-duration=\"500\">\n<div class=\"ctn_titulo\">\n<h3 class=\"titulo titulo_600 txt_branco text-center\">Software &amp; Hardware<\/h3>\n<p class=\"txt_branco text-center\">Solution Center Octafy<\/p>\n<\/div>\n<\/li>\n<li class=\"500 effectJs-init\" data-effectjs=\"fade\" data-effectjs-duration=\"500\">\n<div class=\"ctn_titulo\">\n<h3 class=\"titulo titulo_600 txt_branco text-center\">Team Extension<\/h3>\n<p class=\"txt_branco text-center\">Outsourcing<\/p>\n<\/div>\n<\/li>\n<\/ul>\n<\/div>\n<\/div>\n<\/div>\n<\/div>\n<div class=\"container-fluid ctn_logos\">\n<div class=\"container ctn_default\">\n<div class=\"500 row mg-bt_20 effectJs-init\" data-effectjs=\"fade\" data-effectjs-duration=\"500\">\n<div class=\"col-md-10 col-md-push-1\"><\/div>\n<\/div>\n<div class=\"500 row effectJs-init\" data-effectjs=\"fade\" data-effectjs-duration=\"500\">\n<div class=\"col-md-12\">\n<div class=\"ctn_sld_parceiros\">\n<div class=\"nbs-flexisel-container\">\n<div class=\"nbs-flexisel-inner\"><\/div>\n<\/div>\n<\/div>\n<\/div>\n<\/div>\n<\/div>\n<\/div>\n<div class=\"container-fluid ctn_numeros ctn_parallax bg_cor-id-2_dark\">\n<div class=\"container ctn_default\">\n<div class=\"row\">\n<div class=\"col-md-3\">\n<h2 class=\"500 titulo titulo_40 titulo_700 txt_cor-id-1 effectJs-init\" data-effectjs=\"fade\" data-effectjs-duration=\"500\">Nossos N\u00fameros<\/h2>\n<\/div>\n<div class=\"col-md-8 col-md-push-1\">\n<ul>\n<li class=\"500 effectJs-init\" data-effectjs=\"fade\" data-effectjs-duration=\"500\">\n<div>\n<h3 class=\"titulo_75 titulo_700 txt_branco numero\"><span class=\"count active\">7<\/span> + Anos de mercado<\/h3>\n<\/div>\n<\/li>\n<li class=\"500 effectJs-init\" data-effectjs=\"fade\" data-effectjs-duration=\"500\">\n<div>\n<h3 class=\"titulo_75 titulo_700 txt_branco numero\"><span class=\"count active\">4<\/span> x GPTW<\/h3>\n<\/div>\n<\/li>\n<li class=\"500 effectJs-init\" data-effectjs=\"fade\" data-effectjs-duration=\"500\">\n<div>\n<h3 class=\"titulo_75 titulo_700 txt_branco numero\"><span class=\"count active\">300<\/span> +\u00a0Clientes atendidos<\/h3>\n<\/div>\n<\/li>\n<\/ul>\n<\/div>\n<\/div>\n<\/div>\n<\/div>\n<div class=\"container-fluid ctn_sobre ctn_bg-img\">\n<div class=\"container ctn_default\">\n<div class=\"row\">\n<div class=\"500 col-md-5 col-sm-5 effectJs-init\" data-effectjs=\"fade-right\" data-effectjs-duration=\"500\">\n<h2 class=\"titulo_40 titulo_700 txt_cor-id-3 mg-bt_30\">Sobre n\u00f3s<\/h2>\n<div class=\"txt-default\">\n<p>Somos uma empresa global que une\u00a0<strong>humaniza\u00e7\u00e3o e tecnologia<\/strong>\u00a0para transformar neg\u00f3cios, oferecendo servi\u00e7os em Cloud, AI e Intelig\u00eancia Coletiva. Nossa logo, inspirada no polvo, simboliza nossa adaptabilidade e compromisso com os clientes, que est\u00e3o no centro de tudo. Guiados por excel\u00eancia, comunica\u00e7\u00e3o, agilidade e confian\u00e7a, entregamos solu\u00e7\u00f5es personalizadas e resultados concretos. Com uma equipe dedicada e parceiros tecnol\u00f3gicos l\u00edderes, atuamos no Brasil, Am\u00e9rica Latina e Estados Unidos, gerando impacto real para nossos clientes.<\/p>\n<h4>Muito prazer, n\u00f3s somos a Octafy.<\/h4>\n<p>Driven by\u00a0<strong class=\"txt_cor-id-1_dark\">results<\/strong>, powered by\u00a0<strong class=\"txt_cor-id-1_dark\">people<\/strong>.<\/p>\n<\/div>\n<\/div>\n<\/div>\n<\/div>\n<\/div>\n","protected":false},"excerpt":{"rendered":"<p>Ajudamos empresas a\u00a0crescer\u00a0atrav\u00e9s\u00a0da\u00a0tecnologia Como ajudamos Managed Services Subscription Services OceanAI Your IT copilot Cloud A base da inova\u00e7\u00e3o Software &amp; &hellip; <a href=\"https:\/\/octafy.com\/pt\/\" class=\"more-link\" style=\"display:block;\">Veja mais <span class=\"screen-reader-text\">Home<\/span> <span class=\"meta-nav\">&rarr;<\/span><\/a><\/p>\n","protected":false},"author":1,"featured_media":0,"parent":0,"menu_order":0,"comment_status":"closed","ping_status":"closed","template":"page_home.php","meta":{"_acf_changed":false,"footnotes":""},"class_list":["post-10","page","type-page","status-publish","hentry"],"acf":[],"yoast_head":"<!-- This site is optimized with the Yoast SEO plugin v27.4 - https:\/\/yoast.com\/product\/yoast-seo-wordpress\/ -->\n<title>Octafy | Ajudamos empresas a crescer atrav\u00e9s da tecnologia.<\/title>\n<meta name=\"description\" content=\"Somos uma empresa global que une humaniza\u00e7\u00e3o e tecnologia para transformar neg\u00f3cios. Cloud, AI e Intelig\u00eancia Coletiva.\" \/>\n<meta name=\"robots\" content=\"index, follow, max-snippet:-1, max-image-preview:large, max-video-preview:-1\" \/>\n<link rel=\"canonical\" href=\"https:\/\/octafy.com\/pt\/\" \/>\n<meta property=\"og:locale\" content=\"pt_BR\" \/>\n<meta property=\"og:type\" content=\"article\" \/>\n<meta property=\"og:title\" content=\"Octafy | Ajudamos empresas a crescer atrav\u00e9s da tecnologia.\" \/>\n<meta property=\"og:description\" content=\"Somos uma empresa global que une humaniza\u00e7\u00e3o e tecnologia para transformar neg\u00f3cios. Cloud, AI e Intelig\u00eancia Coletiva.\" \/>\n<meta property=\"og:url\" content=\"https:\/\/octafy.com\/pt\/\" \/>\n<meta property=\"og:site_name\" content=\"Octafy\" \/>\n<meta property=\"article:modified_time\" content=\"2026-01-06T20:49:44+00:00\" \/>\n<meta property=\"og:image\" content=\"https:\/\/octafy.com\/pt\/wp-content\/uploads\/2025\/02\/octafy_featured-image.png\" \/>\n\t<meta property=\"og:image:width\" content=\"1200\" \/>\n\t<meta property=\"og:image:height\" content=\"630\" \/>\n\t<meta property=\"og:image:type\" content=\"image\/png\" \/>\n<meta name=\"twitter:card\" content=\"summary_large_image\" \/>\n<script type=\"application\/ld+json\" class=\"yoast-schema-graph\">{\"@context\":\"https:\\\/\\\/schema.org\",\"@graph\":[{\"@type\":\"WebPage\",\"@id\":\"https:\\\/\\\/octafy.com\\\/pt\\\/\",\"url\":\"https:\\\/\\\/octafy.com\\\/pt\\\/\",\"name\":\"Octafy | Ajudamos empresas a crescer atrav\u00e9s da tecnologia.\",\"isPartOf\":{\"@id\":\"https:\\\/\\\/octafy.com\\\/pt\\\/#website\"},\"datePublished\":\"2021-11-24T17:45:38+00:00\",\"dateModified\":\"2026-01-06T20:49:44+00:00\",\"description\":\"Somos uma empresa global que une humaniza\u00e7\u00e3o e tecnologia para transformar neg\u00f3cios. Cloud, AI e Intelig\u00eancia Coletiva.\",\"breadcrumb\":{\"@id\":\"https:\\\/\\\/octafy.com\\\/pt\\\/#breadcrumb\"},\"inLanguage\":\"pt-BR\",\"potentialAction\":[{\"@type\":\"ReadAction\",\"target\":[\"https:\\\/\\\/octafy.com\\\/pt\\\/\"]}]},{\"@type\":\"BreadcrumbList\",\"@id\":\"https:\\\/\\\/octafy.com\\\/pt\\\/#breadcrumb\",\"itemListElement\":[{\"@type\":\"ListItem\",\"position\":1,\"name\":\"Home\",\"item\":\"https:\\\/\\\/octafy.com\\\/pt\\\/\"},{\"@type\":\"ListItem\",\"position\":2,\"name\":\"Home\"}]},{\"@type\":\"WebSite\",\"@id\":\"https:\\\/\\\/octafy.com\\\/pt\\\/#website\",\"url\":\"https:\\\/\\\/octafy.com\\\/pt\\\/\",\"name\":\"Octafy\",\"description\":\"\",\"publisher\":{\"@id\":\"https:\\\/\\\/octafy.com\\\/pt\\\/#organization\"},\"potentialAction\":[{\"@type\":\"SearchAction\",\"target\":{\"@type\":\"EntryPoint\",\"urlTemplate\":\"https:\\\/\\\/octafy.com\\\/pt\\\/?s={search_term_string}\"},\"query-input\":{\"@type\":\"PropertyValueSpecification\",\"valueRequired\":true,\"valueName\":\"search_term_string\"}}],\"inLanguage\":\"pt-BR\"},{\"@type\":\"Organization\",\"@id\":\"https:\\\/\\\/octafy.com\\\/pt\\\/#organization\",\"name\":\"Octafy\",\"url\":\"https:\\\/\\\/octafy.com\\\/pt\\\/\",\"logo\":{\"@type\":\"ImageObject\",\"inLanguage\":\"pt-BR\",\"@id\":\"https:\\\/\\\/octafy.com\\\/pt\\\/#\\\/schema\\\/logo\\\/image\\\/\",\"url\":\"https:\\\/\\\/octafy.com\\\/pt\\\/wp-content\\\/uploads\\\/2025\\\/02\\\/octafy_featured-image.png\",\"contentUrl\":\"https:\\\/\\\/octafy.com\\\/pt\\\/wp-content\\\/uploads\\\/2025\\\/02\\\/octafy_featured-image.png\",\"width\":1200,\"height\":630,\"caption\":\"Octafy\"},\"image\":{\"@id\":\"https:\\\/\\\/octafy.com\\\/pt\\\/#\\\/schema\\\/logo\\\/image\\\/\"}}]}<\/script>\n<!-- \/ Yoast SEO plugin. -->","yoast_head_json":{"title":"Octafy | Ajudamos empresas a crescer atrav\u00e9s da tecnologia.","description":"Somos uma empresa global que une humaniza\u00e7\u00e3o e tecnologia para transformar neg\u00f3cios. Cloud, AI e Intelig\u00eancia Coletiva.","robots":{"index":"index","follow":"follow","max-snippet":"max-snippet:-1","max-image-preview":"max-image-preview:large","max-video-preview":"max-video-preview:-1"},"canonical":"https:\/\/octafy.com\/pt\/","og_locale":"pt_BR","og_type":"article","og_title":"Octafy | Ajudamos empresas a crescer atrav\u00e9s da tecnologia.","og_description":"Somos uma empresa global que une humaniza\u00e7\u00e3o e tecnologia para transformar neg\u00f3cios. Cloud, AI e Intelig\u00eancia Coletiva.","og_url":"https:\/\/octafy.com\/pt\/","og_site_name":"Octafy","article_modified_time":"2026-01-06T20:49:44+00:00","og_image":[{"width":1200,"height":630,"url":"https:\/\/octafy.com\/pt\/wp-content\/uploads\/2025\/02\/octafy_featured-image.png","type":"image\/png"}],"twitter_card":"summary_large_image","schema":{"@context":"https:\/\/schema.org","@graph":[{"@type":"WebPage","@id":"https:\/\/octafy.com\/pt\/","url":"https:\/\/octafy.com\/pt\/","name":"Octafy | Ajudamos empresas a crescer atrav\u00e9s da tecnologia.","isPartOf":{"@id":"https:\/\/octafy.com\/pt\/#website"},"datePublished":"2021-11-24T17:45:38+00:00","dateModified":"2026-01-06T20:49:44+00:00","description":"Somos uma empresa global que une humaniza\u00e7\u00e3o e tecnologia para transformar neg\u00f3cios. Cloud, AI e Intelig\u00eancia Coletiva.","breadcrumb":{"@id":"https:\/\/octafy.com\/pt\/#breadcrumb"},"inLanguage":"pt-BR","potentialAction":[{"@type":"ReadAction","target":["https:\/\/octafy.com\/pt\/"]}]},{"@type":"BreadcrumbList","@id":"https:\/\/octafy.com\/pt\/#breadcrumb","itemListElement":[{"@type":"ListItem","position":1,"name":"Home","item":"https:\/\/octafy.com\/pt\/"},{"@type":"ListItem","position":2,"name":"Home"}]},{"@type":"WebSite","@id":"https:\/\/octafy.com\/pt\/#website","url":"https:\/\/octafy.com\/pt\/","name":"Octafy","description":"","publisher":{"@id":"https:\/\/octafy.com\/pt\/#organization"},"potentialAction":[{"@type":"SearchAction","target":{"@type":"EntryPoint","urlTemplate":"https:\/\/octafy.com\/pt\/?s={search_term_string}"},"query-input":{"@type":"PropertyValueSpecification","valueRequired":true,"valueName":"search_term_string"}}],"inLanguage":"pt-BR"},{"@type":"Organization","@id":"https:\/\/octafy.com\/pt\/#organization","name":"Octafy","url":"https:\/\/octafy.com\/pt\/","logo":{"@type":"ImageObject","inLanguage":"pt-BR","@id":"https:\/\/octafy.com\/pt\/#\/schema\/logo\/image\/","url":"https:\/\/octafy.com\/pt\/wp-content\/uploads\/2025\/02\/octafy_featured-image.png","contentUrl":"https:\/\/octafy.com\/pt\/wp-content\/uploads\/2025\/02\/octafy_featured-image.png","width":1200,"height":630,"caption":"Octafy"},"image":{"@id":"https:\/\/octafy.com\/pt\/#\/schema\/logo\/image\/"}}]}},"_links":{"self":[{"href":"https:\/\/octafy.com\/pt\/wp-json\/wp\/v2\/pages\/10","targetHints":{"allow":["GET"]}}],"collection":[{"href":"https:\/\/octafy.com\/pt\/wp-json\/wp\/v2\/pages"}],"about":[{"href":"https:\/\/octafy.com\/pt\/wp-json\/wp\/v2\/types\/page"}],"author":[{"embeddable":true,"href":"https:\/\/octafy.com\/pt\/wp-json\/wp\/v2\/users\/1"}],"replies":[{"embeddable":true,"href":"https:\/\/octafy.com\/pt\/wp-json\/wp\/v2\/comments?post=10"}],"version-history":[{"count":6,"href":"https:\/\/octafy.com\/pt\/wp-json\/wp\/v2\/pages\/10\/revisions"}],"predecessor-version":[{"id":1478,"href":"https:\/\/octafy.com\/pt\/wp-json\/wp\/v2\/pages\/10\/revisions\/1478"}],"wp:attachment":[{"href":"https:\/\/octafy.com\/pt\/wp-json\/wp\/v2\/media?parent=10"}],"curies":[{"name":"wp","href":"https:\/\/api.w.org\/{rel}","templated":true}]}}