{"id":451,"date":"2025-02-03T09:50:29","date_gmt":"2025-02-03T12:50:29","guid":{"rendered":"http:\/\/localhost\/_LYMP_WEB\/octafy\/?page_id=451"},"modified":"2025-06-30T12:49:15","modified_gmt":"2025-06-30T15:49:15","slug":"financeiro","status":"publish","type":"page","link":"https:\/\/octafy.com\/pt\/financeiro\/","title":{"rendered":"Financeiro"},"content":{"rendered":"<div class=\"container-fluid ctn_full-always ctn_parallax ctn_apresentacao ctn_bg-img-over ctn_bg-img-over_small bg_cor-id-2_dark\">\n<div class=\"container ctn\">\n<div class=\"row\">\n<div class=\"500 col-md-5 col-sm-6 effectJs-init effectJs-animate\" data-effectjs=\"fade\" data-effectjs-delay=\"500\" data-effectjs-duration=\"500\">\n<h1 class=\"titulo titulo_40 titulo_600 txt_cor-id-1 mg-bt_30\">Acelere<br \/>\na transforma\u00e7\u00e3o digital em servi\u00e7os financeiros<\/h1>\n<p class=\"txt_branco\">Inove no setor\u00a0<b>financeiro e banc\u00e1rio<\/b>\u00a0enquanto se adequa aos requisitos regulat\u00f3rios rigorosos fortalecendo a\u00a0<b>seguran\u00e7a cibern\u00e9tica<\/b>.<\/p>\n<\/div>\n<\/div>\n<\/div>\n<\/div>\n<div class=\"container-fluid ctn_descritivo-1 bg_branco\">\n<div class=\"container ctn_default\">\n<div class=\"row\">\n<div class=\"500 col-md-8 col-md-push-2 effectJs-init effectJs-animate\" data-effectjs=\"fade\" data-effectjs-duration=\"500\">\n<p>Os principais drivers de inova\u00e7\u00e3o deste setor incluem a\u00a0<strong>transforma\u00e7\u00e3o digital<\/strong>, impulsionada pela\u00a0<strong>ado\u00e7\u00e3o de tecnologias como intelig\u00eancia artificial<\/strong>\u00a0e an\u00e1lises avan\u00e7adas, al\u00e9m da migra\u00e7\u00e3o para arquiteturas modernas para melhorar a efici\u00eancia e a escalabilidade.<picture><source srcset=\"https:\/\/octafy.com\/pt\/wp-content\/webp-express\/webp-images\/uploads\/2025\/02\/octafy_logo_gartner.jpg.webp\" type=\"image\/webp\" \/><\/picture>\n<\/div>\n<\/div>\n<\/div>\n<\/div>\n<div class=\"container-fluid ctn_case ctn_bg-img bg_cor-id-4\">\n<div class=\"container ctn_default\">\n<div class=\"row\">\n<div class=\"500 col-md-8 col-md-push-2 effectJs-init effectJs-animate\" data-effectjs=\"fade\" data-effectjs-duration=\"500\">\n<div class=\"txt-default txt_branco\">\n<p>Tend\u00eancias como a\u00a0<strong>personaliza\u00e7\u00e3o de servi\u00e7os banc\u00e1rios<\/strong>, experi\u00eancias centradas no cliente e investimentos em tecnologias de seguran\u00e7a s\u00e3o cruciais para fortalecer a competitividade e a confian\u00e7a dos clientes, especialmente em um cen\u00e1rio de mudan\u00e7as aceleradas e aumento da concorr\u00eancia no mercado.<\/p>\n<\/div>\n<\/div>\n<\/div>\n<\/div>\n<\/div>\n<div class=\"container-fluid ctn_case-descritivo ctn_bg-img ctn_bg-line-top\">\n<div class=\"container ctn_default\">\n<div class=\"row mg-bt_70\">\n<div class=\"500 col-md-8 col-md-push-2 effectJs-init effectJs-animate\" data-effectjs=\"fade\" data-effectjs-duration=\"500\">\n<h2 class=\"titulo titulo_40 titulo_700 txt_cor-id-1 text-center mg-bt_20\">Case de sucesso<\/h2>\n<h3 class=\"titulo_25 titulo_700 txt_cor-id-2_dark text-center mg-bt_10\">Redefinindo a Experi\u00eancia Banc\u00e1ria<\/h3>\n<div class=\"txt-default\">\n<p class=\"text-center\">O Impacto da Moderniza\u00e7\u00e3o no NBC Bank<\/p>\n<\/div>\n<\/div>\n<\/div>\n<div class=\"row\">\n<div class=\"500 col-md-10 col-md-push-1 effectJs-init effectJs-animate\" data-effectjs=\"fade\" data-effectjs-duration=\"500\">\n<div class=\"col_2-1 reverse\">\n<div>\n<p>Fundado em 1997, o NBC Bank \u00e9 um banco m\u00faltiplo especializado em cr\u00e9dito, investimentos e c\u00e2mbio, com foco em PMEs e no varejo. Em 2013, tornou-se parte do Banco Continental,\u00a0<strong>maior institui\u00e7\u00e3o financeira do Paraguai<\/strong>. Com mais de 1 milh\u00e3o de clientes, filiais no Brasil e uma s\u00f3lida reputa\u00e7\u00e3o em governan\u00e7a corporativa, o banco ostenta a classifica\u00e7\u00e3o AAA da Fitch Ratings.<\/p>\n<\/div>\n<\/div>\n<\/div>\n<\/div>\n<\/div>\n<\/div>\n<div class=\"container-fluid ctn_slider-cards ctn_case-desafios ctn_bg-img bg_branco\">\n<div class=\"container ctn_default\">\n<div class=\"row\">\n<div class=\"500 col-md-12 effectJs-init effectJs-animate\" data-effectjs=\"fade\" data-effectjs-duration=\"500\">\n<div>\n<div>\n<h2 class=\"titulo titulo_40 titulo_700 txt_branco text-center mg-bt_40\">Desafios<\/h2>\n<div class=\"1000 jd-slider jd-slider_case-desafios effectJs-init effectJs-animate\" data-effectjs=\"fade\" data-effectjs-delay=\"250\" data-effectjs-duration=\"1000\">\n<div class=\"slide-inner\">\n<ul class=\"slide-area\" data-index=\"0\" data-hover=\"false\">\n<li class=\"clone\" tabindex=\"-1\" aria-hidden=\"true\">\n<p class=\"txt_branco\">Implementar seguran\u00e7a de ponta para suportar opera\u00e7\u00f5es cr\u00edticas e um crescimento acelerado.<\/p>\n<\/li>\n<li class=\"clone\" tabindex=\"-1\" aria-hidden=\"true\">\n<p class=\"txt_branco\">Garantir a prote\u00e7\u00e3o dos dados sens\u00edveis de seus clientes.<\/p>\n<\/li>\n<li class=\"clone\" tabindex=\"-1\" aria-hidden=\"true\">\n<p class=\"txt_branco\">Ter continuidade dos servi\u00e7os essenciais em um ambiente altamente competitivo e regulado.<\/p>\n<\/li>\n<li class=\"on show\" tabindex=\"-1\" aria-hidden=\"false\">\n<p class=\"txt_branco\">Atender \u00e0s regulamenta\u00e7\u00f5es do setor.<\/p>\n<\/li>\n<li class=\"show\" tabindex=\"-1\" aria-hidden=\"false\">\n<p class=\"txt_branco\">Ter capacidade de se adaptar, responder e recuperar-se de interrup\u00e7\u00f5es inesperadas que possam afetar a tecnologia, processos e pessoas.<\/p>\n<\/li>\n<li class=\"show\" tabindex=\"-1\" aria-hidden=\"false\">\n<p class=\"txt_branco\">Implementar seguran\u00e7a de ponta para suportar opera\u00e7\u00f5es cr\u00edticas e um crescimento acelerado.<\/p>\n<\/li>\n<li class=\"\" tabindex=\"-1\" aria-hidden=\"true\">\n<p class=\"txt_branco\">Garantir a prote\u00e7\u00e3o dos dados sens\u00edveis de seus clientes.<\/p>\n<\/li>\n<li class=\"\" tabindex=\"-1\" aria-hidden=\"true\">\n<p class=\"txt_branco\">Ter continuidade dos servi\u00e7os essenciais em um ambiente altamente competitivo e regulado.<\/p>\n<\/li>\n<li class=\"clone\" tabindex=\"-1\" aria-hidden=\"true\">\n<p class=\"txt_branco\">Atender \u00e0s regulamenta\u00e7\u00f5es do setor.<\/p>\n<\/li>\n<li class=\"clone\" tabindex=\"-1\" aria-hidden=\"true\">\n<p class=\"txt_branco\">Ter capacidade de se adaptar, responder e recuperar-se de interrup\u00e7\u00f5es inesperadas que possam afetar a tecnologia, processos e pessoas.<\/p>\n<\/li>\n<li class=\"clone\" tabindex=\"-1\" aria-hidden=\"true\">\n<p class=\"txt_branco\">Implementar seguran\u00e7a de ponta para suportar opera\u00e7\u00f5es cr\u00edticas e um crescimento acelerado.<\/p>\n<\/li>\n<\/ul>\n<\/div>\n<\/div>\n<\/div>\n<\/div>\n<\/div>\n<\/div>\n<\/div>\n<\/div>\n<div class=\"container-fluid ctn_case-end\">\n<div class=\"container ctn_default\">\n<div class=\"row\">\n<div class=\"500 col-md-8 col-md-push-2 effectJs-init effectJs-animate\" data-effectjs=\"fade\" data-effectjs-duration=\"500\">\n<h2 class=\"titulo titulo_55 titulo_700 txt_cor-id-2_dark text-center mg-bt_20\">Dobro de velocidade,<br \/>\n<span class=\"txt_bg_big txt_bg_cor-id-3\">metade do espa\u00e7o:<\/span><\/h2>\n<div class=\"txt-default\">\n<p class=\"text-center\">o\u00a0<b>melhor<\/b>\u00a0dos dois mundos.<\/p>\n<\/div>\n<\/div>\n<\/div>\n<\/div>\n<\/div>\n<div class=\"container-fluid ctn_o-que ctn_cards-icons bg_branco ctn_bg-line-top\">\n<div class=\"container ctn_default\">\n<div class=\"row mg-bt_70\">\n<div class=\"500 col-md-10 col-md-push-1 effectJs-init effectJs-animate\" data-effectjs=\"fade\" data-effectjs-duration=\"500\">\n<h2 class=\"titulo titulo_40 titulo_700 txt_cor-id-2 text-center\">O que entregamos<\/h2>\n<\/div>\n<\/div>\n<div class=\"row mg-bt_70\">\n<div class=\"500 col-md-12 effectJs-init effectJs-animate\" data-effectjs=\"fade\" data-effectjs-duration=\"500\">\n<ul>\n<li>\n<h3 class=\"titulo titulo_25 titulo_600 txt_cor-id-2 text-center mg-bt_10\">Oracle Data Guard<\/h3>\n<p class=\"text-center\">Replica\u00e7\u00e3o autom\u00e1tica entre datacenters e recupera\u00e7\u00e3o r\u00e1pida em falhas.<\/p>\n<\/li>\n<li>\n<h3 class=\"titulo titulo_25 titulo_600 txt_cor-id-2 text-center mg-bt_10\">Oracle Partitioning<\/h3>\n<p class=\"text-center\">Otimiza\u00e7\u00e3o de consultas e redu\u00e7\u00e3o do tempo de resposta em grandes volumes de dados.<\/p>\n<\/li>\n<li>\n<h3 class=\"titulo titulo_25 titulo_600 txt_cor-id-2 text-center mg-bt_10\">Advanced Security e Label Security<\/h3>\n<p class=\"text-center\">Criptografia de dados, controle de acesso granular e auditoria integrada.<\/p>\n<\/li>\n<li>\n<h3 class=\"titulo titulo_25 titulo_600 txt_cor-id-2 text-center mg-bt_10\">Failover automatizado<\/h3>\n<p class=\"text-center\">Minimiza\u00e7\u00e3o do tempo de inatividade em incidentes.<\/p>\n<\/li>\n<li>\n<h3 class=\"titulo titulo_25 titulo_600 txt_cor-id-2 text-center mg-bt_10\">Advanced Compression<\/h3>\n<p class=\"text-center\">Redu\u00e7\u00e3o de armazenamento e melhoria de performance geral.<\/p>\n<\/li>\n<li>\n<h3 class=\"titulo titulo_25 titulo_600 txt_cor-id-2 text-center mg-bt_10\">Oracle Database Appliance (ODA)<\/h3>\n<p class=\"text-center\">Consolida\u00e7\u00e3o e otimiza\u00e7\u00e3o das opera\u00e7\u00f5es com infraestrutura escal\u00e1vel.<\/p>\n<\/li>\n<li>\n<h3 class=\"titulo titulo_25 titulo_600 txt_cor-id-2 text-center mg-bt_10\">Oracle RAC<\/h3>\n<p class=\"text-center\">Resili\u00eancia aprimorada para opera\u00e7\u00f5es cr\u00edticas.<\/p>\n<\/li>\n<li>\n<h3 class=\"titulo titulo_25 titulo_600 txt_cor-id-2 text-center mg-bt_10\">Gest\u00e3o proativa e monitoramento 24&#215;7<\/h3>\n<p class=\"text-center\">Implanta\u00e7\u00e3o, suporte especializado e intelig\u00eancia artificial com o Ocean AI.<\/p>\n<\/li>\n<li>\n<h3 class=\"titulo titulo_25 titulo_600 txt_cor-id-2 text-center mg-bt_10\">Monitoramento e gest\u00e3o de incidentes<\/h3>\n<p class=\"text-center\">Recupera\u00e7\u00e3o de desastres e auditorias regulares de seguran\u00e7a.<\/p>\n<\/li>\n<\/ul>\n<\/div>\n<\/div>\n<\/div>\n<\/div>\n<div class=\"container-fluid ctn_resultados ctn_cards-icons bg_branco ctn_bg-img ctn_default\">\n<div class=\"container ctn_default\">\n<div class=\"row mg-bt_70\">\n<div class=\"500 col-md-10 col-md-push-1 effectJs-init effectJs-animate\" data-effectjs=\"fade\" data-effectjs-duration=\"500\">\n<h2 class=\"titulo titulo_40 titulo_700 txt_branco text-center\">Resultados<\/h2>\n<\/div>\n<\/div>\n<div class=\"row\">\n<div class=\"500 col-md-12 effectJs-init effectJs-animate\" data-effectjs=\"fade\" data-effectjs-duration=\"500\">\n<ul>\n<li>\n<h3 class=\"titulo titulo_20 titulo_600 txt_cor-id-3 mg-bt_10\">Alta disponibilidade<\/h3>\n<p>Continuidade das opera\u00e7\u00f5es do banco de dados. Monitoramento constante e garantia de alta disponibilidade.<\/li>\n<li>\n<h3 class=\"titulo titulo_20 titulo_600 txt_cor-id-3 mg-bt_10\">Efici\u00eancia escal\u00e1vel<\/h3>\n<p>Redu\u00e7\u00e3o de custos com armazenamento e aumento significativo na agilidade do processamento de grandes volumes de dados. Infraestrutura robusta e altamente escal\u00e1vel, capaz de crescer conforme a demanda sem interrup\u00e7\u00f5es no servi\u00e7o.<\/li>\n<li>\n<h3 class=\"titulo titulo_20 titulo_600 txt_cor-id-3 mg-bt_10\">Seguran\u00e7a e continuidade<\/h3>\n<p>Minimiza\u00e7\u00e3o de riscos operacionais e sem interrup\u00e7\u00f5es nos servi\u00e7os banc\u00e1rios. Prote\u00e7\u00e3o robusta contra acessos n\u00e3o autorizados e riscos de vazamento de dados.<\/li>\n<\/ul>\n<\/div>\n<\/div>\n<\/div>\n<\/div>\n<div class=\"container-fluid ctn_resultados-end bg_branco\">\n<div class=\"container ctn_default\">\n<div class=\"row\">\n<div class=\"500 col-md-10 col-md-push-1 effectJs-init effectJs-animate\" data-effectjs=\"fade\" data-effectjs-duration=\"500\">\n<div class=\"txt-default\">\n<p>Com a moderniza\u00e7\u00e3o da infraestrutura e a\u00a0<strong>gest\u00e3o cont\u00ednua oferecida pela Octafy, o NBC Bank alcan\u00e7ou maior efici\u00eancia<\/strong>, seguran\u00e7a e escalabilidade, e aprimorou suas opera\u00e7\u00f5es para suportar um crescimento acelerado. Os processos duplicaram sua performance e\u00a0<strong class=\"txt_cor-id-3\">reduziram o consumo de espa\u00e7o pela metade<\/strong>.<\/p>\n<p>A transforma\u00e7\u00e3o digital fortaleceu sua posi\u00e7\u00e3o no setor de cr\u00e9dito consignado, permitindo uma melhor experi\u00eancia ao cliente e a expans\u00e3o de suas ofertas. Al\u00e9m disso, essa base s\u00f3lida prepara o banco para inovar constantemente e enfrentar os desafios futuros com maior agilidade e confian\u00e7a.<\/p>\n<\/div>\n<\/div>\n<\/div>\n<\/div>\n<\/div>\n","protected":false},"excerpt":{"rendered":"<p>Acelere a transforma\u00e7\u00e3o digital em servi\u00e7os financeiros Inove no setor\u00a0financeiro e banc\u00e1rio\u00a0enquanto se adequa aos requisitos regulat\u00f3rios rigorosos fortalecendo a\u00a0seguran\u00e7a &hellip; <a href=\"https:\/\/octafy.com\/pt\/financeiro\/\" class=\"more-link\" style=\"display:block;\">Veja mais <span class=\"screen-reader-text\">Financeiro<\/span> <span class=\"meta-nav\">&rarr;<\/span><\/a><\/p>\n","protected":false},"author":1,"featured_media":0,"parent":0,"menu_order":1,"comment_status":"closed","ping_status":"closed","template":"page_segmentos_financeiro.php","meta":{"_acf_changed":false,"footnotes":""},"class_list":["post-451","page","type-page","status-publish","hentry"],"acf":[],"yoast_head":"<!-- This site is optimized with the Yoast SEO plugin v27.4 - https:\/\/yoast.com\/product\/yoast-seo-wordpress\/ -->\n<title>Financeiro | Octafy<\/title>\n<meta name=\"description\" content=\"Inove no setor financeiro e banc\u00e1rio enquanto se adequa aos requisitos regulat\u00f3rios rigorosos fortalecendo a seguran\u00e7a cibern\u00e9tica.\" \/>\n<meta name=\"robots\" content=\"index, follow, max-snippet:-1, max-image-preview:large, max-video-preview:-1\" \/>\n<link rel=\"canonical\" href=\"https:\/\/octafy.com\/pt\/financeiro\/\" \/>\n<meta property=\"og:locale\" content=\"pt_BR\" \/>\n<meta property=\"og:type\" content=\"article\" \/>\n<meta property=\"og:title\" content=\"Financeiro | Octafy\" \/>\n<meta property=\"og:description\" content=\"Inove no setor financeiro e banc\u00e1rio enquanto se adequa aos requisitos regulat\u00f3rios rigorosos fortalecendo a seguran\u00e7a cibern\u00e9tica.\" \/>\n<meta property=\"og:url\" content=\"https:\/\/octafy.com\/pt\/financeiro\/\" \/>\n<meta property=\"og:site_name\" content=\"Octafy\" \/>\n<meta property=\"article:modified_time\" content=\"2025-06-30T15:49:15+00:00\" \/>\n<meta property=\"og:image\" content=\"https:\/\/octafy.com\/pt\/wp-content\/uploads\/2025\/02\/octafy_featured-image.png\" \/>\n\t<meta property=\"og:image:width\" content=\"1200\" \/>\n\t<meta property=\"og:image:height\" content=\"630\" \/>\n\t<meta property=\"og:image:type\" content=\"image\/png\" \/>\n<meta name=\"twitter:card\" content=\"summary_large_image\" \/>\n<meta name=\"twitter:label1\" content=\"Est. tempo de leitura\" \/>\n\t<meta name=\"twitter:data1\" content=\"3 minutos\" \/>\n<script type=\"application\/ld+json\" class=\"yoast-schema-graph\">{\"@context\":\"https:\\\/\\\/schema.org\",\"@graph\":[{\"@type\":\"WebPage\",\"@id\":\"https:\\\/\\\/octafy.com\\\/pt\\\/financeiro\\\/\",\"url\":\"https:\\\/\\\/octafy.com\\\/pt\\\/financeiro\\\/\",\"name\":\"Financeiro | Octafy\",\"isPartOf\":{\"@id\":\"https:\\\/\\\/octafy.com\\\/pt\\\/#website\"},\"datePublished\":\"2025-02-03T12:50:29+00:00\",\"dateModified\":\"2025-06-30T15:49:15+00:00\",\"description\":\"Inove no setor financeiro e banc\u00e1rio enquanto se adequa aos requisitos regulat\u00f3rios rigorosos fortalecendo a seguran\u00e7a cibern\u00e9tica.\",\"breadcrumb\":{\"@id\":\"https:\\\/\\\/octafy.com\\\/pt\\\/financeiro\\\/#breadcrumb\"},\"inLanguage\":\"pt-BR\",\"potentialAction\":[{\"@type\":\"ReadAction\",\"target\":[\"https:\\\/\\\/octafy.com\\\/pt\\\/financeiro\\\/\"]}]},{\"@type\":\"BreadcrumbList\",\"@id\":\"https:\\\/\\\/octafy.com\\\/pt\\\/financeiro\\\/#breadcrumb\",\"itemListElement\":[{\"@type\":\"ListItem\",\"position\":1,\"name\":\"Home\",\"item\":\"https:\\\/\\\/octafy.com\\\/pt\\\/\"},{\"@type\":\"ListItem\",\"position\":2,\"name\":\"Financeiro\"}]},{\"@type\":\"WebSite\",\"@id\":\"https:\\\/\\\/octafy.com\\\/pt\\\/#website\",\"url\":\"https:\\\/\\\/octafy.com\\\/pt\\\/\",\"name\":\"Octafy\",\"description\":\"\",\"publisher\":{\"@id\":\"https:\\\/\\\/octafy.com\\\/pt\\\/#organization\"},\"potentialAction\":[{\"@type\":\"SearchAction\",\"target\":{\"@type\":\"EntryPoint\",\"urlTemplate\":\"https:\\\/\\\/octafy.com\\\/pt\\\/?s={search_term_string}\"},\"query-input\":{\"@type\":\"PropertyValueSpecification\",\"valueRequired\":true,\"valueName\":\"search_term_string\"}}],\"inLanguage\":\"pt-BR\"},{\"@type\":\"Organization\",\"@id\":\"https:\\\/\\\/octafy.com\\\/pt\\\/#organization\",\"name\":\"Octafy\",\"url\":\"https:\\\/\\\/octafy.com\\\/pt\\\/\",\"logo\":{\"@type\":\"ImageObject\",\"inLanguage\":\"pt-BR\",\"@id\":\"https:\\\/\\\/octafy.com\\\/pt\\\/#\\\/schema\\\/logo\\\/image\\\/\",\"url\":\"https:\\\/\\\/octafy.com\\\/pt\\\/wp-content\\\/uploads\\\/2025\\\/02\\\/octafy_featured-image.png\",\"contentUrl\":\"https:\\\/\\\/octafy.com\\\/pt\\\/wp-content\\\/uploads\\\/2025\\\/02\\\/octafy_featured-image.png\",\"width\":1200,\"height\":630,\"caption\":\"Octafy\"},\"image\":{\"@id\":\"https:\\\/\\\/octafy.com\\\/pt\\\/#\\\/schema\\\/logo\\\/image\\\/\"}}]}<\/script>\n<!-- \/ Yoast SEO plugin. -->","yoast_head_json":{"title":"Financeiro | Octafy","description":"Inove no setor financeiro e banc\u00e1rio enquanto se adequa aos requisitos regulat\u00f3rios rigorosos fortalecendo a seguran\u00e7a cibern\u00e9tica.","robots":{"index":"index","follow":"follow","max-snippet":"max-snippet:-1","max-image-preview":"max-image-preview:large","max-video-preview":"max-video-preview:-1"},"canonical":"https:\/\/octafy.com\/pt\/financeiro\/","og_locale":"pt_BR","og_type":"article","og_title":"Financeiro | Octafy","og_description":"Inove no setor financeiro e banc\u00e1rio enquanto se adequa aos requisitos regulat\u00f3rios rigorosos fortalecendo a seguran\u00e7a cibern\u00e9tica.","og_url":"https:\/\/octafy.com\/pt\/financeiro\/","og_site_name":"Octafy","article_modified_time":"2025-06-30T15:49:15+00:00","og_image":[{"width":1200,"height":630,"url":"https:\/\/octafy.com\/pt\/wp-content\/uploads\/2025\/02\/octafy_featured-image.png","type":"image\/png"}],"twitter_card":"summary_large_image","twitter_misc":{"Est. tempo de leitura":"3 minutos"},"schema":{"@context":"https:\/\/schema.org","@graph":[{"@type":"WebPage","@id":"https:\/\/octafy.com\/pt\/financeiro\/","url":"https:\/\/octafy.com\/pt\/financeiro\/","name":"Financeiro | Octafy","isPartOf":{"@id":"https:\/\/octafy.com\/pt\/#website"},"datePublished":"2025-02-03T12:50:29+00:00","dateModified":"2025-06-30T15:49:15+00:00","description":"Inove no setor financeiro e banc\u00e1rio enquanto se adequa aos requisitos regulat\u00f3rios rigorosos fortalecendo a seguran\u00e7a cibern\u00e9tica.","breadcrumb":{"@id":"https:\/\/octafy.com\/pt\/financeiro\/#breadcrumb"},"inLanguage":"pt-BR","potentialAction":[{"@type":"ReadAction","target":["https:\/\/octafy.com\/pt\/financeiro\/"]}]},{"@type":"BreadcrumbList","@id":"https:\/\/octafy.com\/pt\/financeiro\/#breadcrumb","itemListElement":[{"@type":"ListItem","position":1,"name":"Home","item":"https:\/\/octafy.com\/pt\/"},{"@type":"ListItem","position":2,"name":"Financeiro"}]},{"@type":"WebSite","@id":"https:\/\/octafy.com\/pt\/#website","url":"https:\/\/octafy.com\/pt\/","name":"Octafy","description":"","publisher":{"@id":"https:\/\/octafy.com\/pt\/#organization"},"potentialAction":[{"@type":"SearchAction","target":{"@type":"EntryPoint","urlTemplate":"https:\/\/octafy.com\/pt\/?s={search_term_string}"},"query-input":{"@type":"PropertyValueSpecification","valueRequired":true,"valueName":"search_term_string"}}],"inLanguage":"pt-BR"},{"@type":"Organization","@id":"https:\/\/octafy.com\/pt\/#organization","name":"Octafy","url":"https:\/\/octafy.com\/pt\/","logo":{"@type":"ImageObject","inLanguage":"pt-BR","@id":"https:\/\/octafy.com\/pt\/#\/schema\/logo\/image\/","url":"https:\/\/octafy.com\/pt\/wp-content\/uploads\/2025\/02\/octafy_featured-image.png","contentUrl":"https:\/\/octafy.com\/pt\/wp-content\/uploads\/2025\/02\/octafy_featured-image.png","width":1200,"height":630,"caption":"Octafy"},"image":{"@id":"https:\/\/octafy.com\/pt\/#\/schema\/logo\/image\/"}}]}},"_links":{"self":[{"href":"https:\/\/octafy.com\/pt\/wp-json\/wp\/v2\/pages\/451","targetHints":{"allow":["GET"]}}],"collection":[{"href":"https:\/\/octafy.com\/pt\/wp-json\/wp\/v2\/pages"}],"about":[{"href":"https:\/\/octafy.com\/pt\/wp-json\/wp\/v2\/types\/page"}],"author":[{"embeddable":true,"href":"https:\/\/octafy.com\/pt\/wp-json\/wp\/v2\/users\/1"}],"replies":[{"embeddable":true,"href":"https:\/\/octafy.com\/pt\/wp-json\/wp\/v2\/comments?post=451"}],"version-history":[{"count":0,"href":"https:\/\/octafy.com\/pt\/wp-json\/wp\/v2\/pages\/451\/revisions"}],"wp:attachment":[{"href":"https:\/\/octafy.com\/pt\/wp-json\/wp\/v2\/media?parent=451"}],"curies":[{"name":"wp","href":"https:\/\/api.w.org\/{rel}","templated":true}]}}