{"id":453,"date":"2025-02-03T09:49:27","date_gmt":"2025-02-03T12:49:27","guid":{"rendered":"http:\/\/localhost\/_LYMP_WEB\/octafy\/?page_id=453"},"modified":"2025-06-30T12:51:59","modified_gmt":"2025-06-30T15:51:59","slug":"varejo","status":"publish","type":"page","link":"https:\/\/octafy.com\/pt\/varejo\/","title":{"rendered":"Varejo"},"content":{"rendered":"<div class=\"container-fluid ctn_full-always ctn_parallax ctn_apresentacao bg_cor-id-2_dark\">\n<div class=\"container ctn\">\n<div class=\"row\">\n<div class=\"500 col-md-6 col-sm-5 effectJs-init effectJs-animate\" data-effectjs=\"fade\" data-effectjs-delay=\"500\" data-effectjs-duration=\"500\">\n<h1 class=\"titulo titulo_75 titulo_600 txt_branco mg-bt_30\">Varejo<\/h1>\n<h2 class=\"titulo titulo_20 titulo_400 txt_branco\">Um gigante da<br \/>\n<span class=\"txt_bg_cor-id-3\">economia<\/span>\u00a0brasileira!<\/h2>\n<\/div>\n<\/div>\n<\/div>\n<div class=\"parallax__container\">\n<div class=\"parallax\" data-parallax-image=\"https:\/\/octafy.com\/pt\/wp-content\/uploads\/2025\/02\/octafy_segmentos_varejo_apresentacao_bg4.jpg\"><\/div>\n<\/div>\n<\/div>\n<div class=\"container-fluid ctn_descritivo-1 bg_branco\">\n<div class=\"container ctn_default\">\n<div class=\"row\">\n<div class=\"500 col-md-8 col-md-push-2 effectJs-init effectJs-animate\" data-effectjs=\"fade\" data-effectjs-duration=\"500\">\n<div>\n<div>\n<p>O varejo no Brasil, que\u00a0<strong>emprega mais de 22 milh\u00f5es de pessoas e representa 25% do PIB<\/strong>, enfrenta o desafio de inovar para atender \u00e0s crescentes demandas por experi\u00eancias personalizadas e digitaliza\u00e7\u00e3o. Com\u00a0<strong>um mercado que movimenta mais de R$ 2 trilh\u00f5es por ano<\/strong>, as empresas precisam adotar tecnologias como intelig\u00eancia artificial, an\u00e1lises avan\u00e7adas e plataformas digitais para personalizar ofertas, otimizar o atendimento e aumentar a efici\u00eancia operacional. Segundo o Gartner, al\u00e9m dos pontos acima, investir em seguran\u00e7a cibern\u00e9tica e gerenciar custos e riscos do e-commerce s\u00e3o prioridades para se destacar em um setor em\u00a0<strong>constante transforma\u00e7\u00e3o<\/strong>.<\/p>\n<\/div>\n<\/div>\n<\/div>\n<\/div>\n<\/div>\n<\/div>\n<div class=\"container-fluid ctn_case ctn_bg-img bg_cor-id-2_dark\">\n<div class=\"container ctn_default\">\n<div class=\"row\">\n<div class=\"500 col-md-8 col-md-push-2 effectJs-init effectJs-animate\" data-effectjs=\"fade\" data-effectjs-duration=\"500\">\n<h2 class=\"titulo titulo_50 titulo_700 txt_cor-id-1 text-center\">Case de sucesso<\/h2>\n<h3 class=\"titulo_25 titulo_400 txt_branco text-center mg-bt_20\">A Revolu\u00e7\u00e3o no Varejo<\/h3>\n<div class=\"txt-default txt_branco\">\n<h4 class=\"titulo_25 titulo_400 txt_branco text-center\">Dos desafios da Black Friday ao<span class=\"titulo_40 txt_bg_cor-id-3\">maior faturamento<\/span>em 65 anos.<\/h4>\n<\/div>\n<\/div>\n<\/div>\n<\/div>\n<\/div>\n<div class=\"container-fluid ctn_case-descritivo ctn_bg-img\">\n<div class=\"container ctn_default\">\n<div class=\"row\">\n<div class=\"500 col-md-10 col-md-push-1 effectJs-init effectJs-animate\" data-effectjs=\"fade\" data-effectjs-duration=\"500\">\n<div class=\"col_2-1 mg-bt_70 reverse\">\n<div>\n<p>A Colombo, uma das maiores redes de varejo do Brasil com mais de<strong>\u00a065 anos de hist\u00f3ria<\/strong>, se destacou no mercado de eletrodom\u00e9sticos, m\u00f3veis e eletr\u00f4nicos. Para enfrentar desafios em per\u00edodos de alta demanda, como Black Friday e Natal, a empresa contou com a expertise da Octafy, que modernizou sua infraestrutura e implementou tecnologias de ponta, garantindo opera\u00e7\u00f5es \u00e1geis, seguras e excel\u00eancia nos servi\u00e7os.<\/p>\n<\/div>\n<\/div>\n<div class=\"txt-default\">\n<h3>Desafios<\/h3>\n<p>O varejo enfrenta desafios cr\u00edticos em per\u00edodos de alta demanda, como a Black Friday, incluindo falta de escalabilidade, gest\u00e3o complexa de dados e necessidade de<strong>\u00a0seguran\u00e7a contra ataques cibern\u00e9ticos<\/strong>, enquanto busca oferecer uma experi\u00eancia de compra \u00e1gil e personalizada.<\/p>\n<\/div>\n<\/div>\n<\/div>\n<\/div>\n<\/div>\n<div class=\"container-fluid ctn_destaque bg_cor-id-3\">\n<div class=\"container\">\n<div class=\"row\">\n<div class=\"500 col-md-8 col-md-push-2 effectJs-init effectJs-animate\" data-effectjs=\"fade\" data-effectjs-duration=\"500\">\n<h2 class=\"titulo titulo_25 titulo_400 txt_branco text-center text-italic\">Com\u00a0<b>tecnologias de ponta<\/b>\u00a0e\u00a0<b>servi\u00e7os especializados<\/b>, a Black Friday \u00e9 sucesso garantido!<\/h2>\n<\/div>\n<\/div>\n<\/div>\n<\/div>\n<div class=\"container-fluid ctn_o-que ctn_slider-cards ctn_parallax bg_cor-id-2_dark\">\n<div class=\"container ctn_default\">\n<div class=\"row mg-bt_60\">\n<div class=\"500 col-md-10 col-md-push-1 effectJs-init effectJs-animate\" data-effectjs=\"fade\" data-effectjs-duration=\"500\">\n<h2 class=\"titulo titulo_40 titulo_700 txt_cor-id-2_dark text-center\">O que entregamos<\/h2>\n<\/div>\n<\/div>\n<div class=\"row\">\n<div class=\"500 col-md-12 effectJs-init effectJs-animate\" data-effectjs=\"fade\" data-effectjs-duration=\"500\">\n<div class=\"jd-slider jd-slider_varejo_o-que\">\n<div class=\"slide-inner\">\n<ul class=\"slide-area\" data-index=\"2\" data-hover=\"false\">\n<li class=\"clone\" tabindex=\"-1\" aria-hidden=\"true\">\n<h3 class=\"titulo titulo_20 titulo_400 txt_branco\">Personaliza\u00e7\u00e3o de Ofertas e Otimiza\u00e7\u00e3o da Experi\u00eancia do Cliente.<\/h3>\n<\/li>\n<li class=\"clone\" tabindex=\"-1\" aria-hidden=\"true\">\n<h3 class=\"titulo titulo_20 titulo_400 txt_branco\">Inova\u00e7\u00e3o Acelerada com Intelig\u00eancia Artificial e An\u00e1lise de Dados.<\/h3>\n<\/li>\n<li class=\"clone\" tabindex=\"-1\" aria-hidden=\"true\">\n<h3 class=\"titulo titulo_20 titulo_400 txt_branco\">Gerenciamento de Riscos e Reputa\u00e7\u00e3o em um Ambiente de Alta Demanda.<\/h3>\n<\/li>\n<li class=\"clone\" tabindex=\"-1\" aria-hidden=\"true\">\n<h3 class=\"titulo titulo_20 titulo_400 txt_branco\">Seguran\u00e7a Cibern\u00e9tica e Prote\u00e7\u00e3o de Dados no Varejo Digital.<\/h3>\n<\/li>\n<li class=\"\" tabindex=\"-1\" aria-hidden=\"true\">\n<h3 class=\"titulo titulo_20 titulo_400 txt_branco\">Transforma\u00e7\u00e3o Digital e Resili\u00eancia Operacional.<\/h3>\n<\/li>\n<li class=\"\" tabindex=\"-1\" aria-hidden=\"true\">\n<h3 class=\"titulo titulo_20 titulo_400 txt_branco\">Escalabilidade e Efici\u00eancia Operacional para Suporte ao Crescimento do E-commerce.<\/h3>\n<\/li>\n<li class=\"on show\" tabindex=\"-1\" aria-hidden=\"false\">\n<h3 class=\"titulo titulo_20 titulo_400 txt_branco\">Personaliza\u00e7\u00e3o de Ofertas e Otimiza\u00e7\u00e3o da Experi\u00eancia do Cliente.<\/h3>\n<\/li>\n<li class=\"show\" tabindex=\"-1\" aria-hidden=\"false\">\n<h3 class=\"titulo titulo_20 titulo_400 txt_branco\">Inova\u00e7\u00e3o Acelerada com Intelig\u00eancia Artificial e An\u00e1lise de Dados.<\/h3>\n<\/li>\n<li class=\"show\" tabindex=\"-1\" aria-hidden=\"false\">\n<h3 class=\"titulo titulo_20 titulo_400 txt_branco\">Gerenciamento de Riscos e Reputa\u00e7\u00e3o em um Ambiente de Alta Demanda.<\/h3>\n<\/li>\n<li class=\"show\" tabindex=\"-1\" aria-hidden=\"false\">\n<h3 class=\"titulo titulo_20 titulo_400 txt_branco\">Seguran\u00e7a Cibern\u00e9tica e Prote\u00e7\u00e3o de Dados no Varejo Digital.<\/h3>\n<\/li>\n<li class=\"clone\" tabindex=\"-1\" aria-hidden=\"true\">\n<h3 class=\"titulo titulo_20 titulo_400 txt_branco\">Transforma\u00e7\u00e3o Digital e Resili\u00eancia Operacional.<\/h3>\n<\/li>\n<li class=\"clone\" tabindex=\"-1\" aria-hidden=\"true\">\n<h3 class=\"titulo titulo_20 titulo_400 txt_branco\">Escalabilidade e Efici\u00eancia Operacional para Suporte ao Crescimento do E-commerce.<\/h3>\n<\/li>\n<li class=\"clone\" tabindex=\"-1\" aria-hidden=\"true\">\n<h3 class=\"titulo titulo_20 titulo_400 txt_branco\">Personaliza\u00e7\u00e3o de Ofertas e Otimiza\u00e7\u00e3o da Experi\u00eancia do Cliente.<\/h3>\n<\/li>\n<li class=\"clone\" tabindex=\"-1\" aria-hidden=\"true\">\n<h3 class=\"titulo titulo_20 titulo_400 txt_branco\">Inova\u00e7\u00e3o Acelerada com Intelig\u00eancia Artificial e An\u00e1lise de Dados.<\/h3>\n<\/li>\n<\/ul>\n<\/div>\n<\/div>\n<\/div>\n<\/div>\n<div class=\"row descritivo mg-bt_50\">\n<div class=\"500 col-md-10 col-md-push-1 ctn_default effectJs-init effectJs-animate\" data-effectjs=\"fade\" data-effectjs-duration=\"500\">\n<div class=\"txt-default txt_branco\">\n<p>A solu\u00e7\u00e3o combina\u00a0<strong>Microsoft SQL Server Always On e Pure Storage<\/strong>\u00a0para criar um cluster com alta disponibilidade, replica\u00e7\u00e3o autom\u00e1tica de dados entre sites e continuidade operacional. Com desempenho elevado, compress\u00e3o de dados 6:1 e criptografia total, oferece efici\u00eancia, seguran\u00e7a contra ransomware e suporte \u00e0 an\u00e1lise em tempo real.<\/p>\n<p>O modelo Evergreen da\u00a0<strong class=\"txt_bg_cor-id-1\">Pure Storage<\/strong>\u00a0possibilita atualiza\u00e7\u00f5es sem interrup\u00e7\u00f5es, garantindo evolu\u00e7\u00e3o cont\u00ednua e suporte ao e-commerce, mesmo em per\u00edodos cr\u00edticos. A Octafy assegura excel\u00eancia operacional com consultores especializados e o\u00a0<strong>Ocean AI<\/strong>, que fornece insights e aumenta a escalabilidade da infraestrutura.<\/p>\n<\/div>\n<\/div>\n<\/div>\n<\/div>\n<\/div>\n<div class=\"container-fluid ctn_resultados-titulo bg_cor-id-4\">\n<div class=\"container\">\n<div class=\"row\">\n<div class=\"500 col-md-10 col-md-push-1 effectJs-init effectJs-animate\" data-effectjs=\"fade\" data-effectjs-duration=\"500\">\n<h2 class=\"titulo titulo_40 titulo_700 txt_branco text-center\">Resultados<\/h2>\n<\/div>\n<\/div>\n<\/div>\n<\/div>\n<div class=\"container-fluid ctn_resultados ctn_cards-icons\">\n<div class=\"container ctn_default\">\n<div class=\"row mg-bt_40\">\n<div class=\"500 col-md-10 col-md-push-1 effectJs-init effectJs-animate\" data-effectjs=\"fade\" data-effectjs-duration=\"500\">\n<div>\n<p>A\u00a0<strong class=\"txt_bg_cor-id-3\">Pure Storage<\/strong>\u00a0oferece ao varejo uma infraestrutura de\u00a0<strong>alta performance<\/strong>, permitindo an\u00e1lises quase instant\u00e2neas de grandes volumes de dados e personaliza\u00e7\u00e3o eficiente da experi\u00eancia do cliente. Com suporte a IA, a solu\u00e7\u00e3o entrega insights r\u00e1pidos e precisos, aumentando convers\u00f5es e fidelidade.<\/p>\n<\/div>\n<\/div>\n<\/div>\n<div class=\"row mg-bt_40\">\n<div class=\"500 col-md-10 col-md-push-1 effectJs-init effectJs-animate\" data-effectjs=\"fade\" data-effectjs-duration=\"500\">\n<div class=\"col_1-2\">\n<div>\n<p>A infraestrutura \u00e9 segura, atendendo\u00a0<strong>normas como LGPD e PCI DSS, e o modelo Evergreen<\/strong>\u00a0garante atualiza\u00e7\u00f5es cont\u00ednuas sem downtime. A compress\u00e3o de dados otimiza o armazenamento, enquanto a escalabilidade assegura desempenho consistente mesmo em picos de demanda, protegendo a reputa\u00e7\u00e3o da marca e aprimorando a experi\u00eancia do cliente.<\/p>\n<\/div>\n<\/div>\n<\/div>\n<\/div>\n<div class=\"row mg-bt_40\">\n<div class=\"500 col-md-10 col-md-push-1 effectJs-init effectJs-animate\" data-effectjs=\"fade\" data-effectjs-duration=\"500\">\n<div>\n<p>Com a consultoria especializada, a moderniza\u00e7\u00e3o da infraestrutura e a gest\u00e3o cont\u00ednua fornecidas pela Octafy, a Colombo n\u00e3o apenas assegurou a continuidade operacional em eventos de alto impacto, como a Black Friday, mas tamb\u00e9m alcan\u00e7ou\u00a0<strong>avan\u00e7os significativos em efici\u00eancia e seguran\u00e7a<\/strong>. As otimiza\u00e7\u00f5es realizadas reduziram custos operacionais e aprimoraram a experi\u00eancia de compra, tornando-a mais \u00e1gil e personalizada para seus clientes.<\/p>\n<\/div>\n<\/div>\n<\/div>\n<div class=\"row mg-bt_40\">\n<div class=\"500 col-md-10 col-md-push-1 effectJs-init effectJs-animate\" data-effectjs=\"fade\" data-effectjs-duration=\"500\">\n<div class=\"col_1-2\">\n<div>\n<p>Hoje, a Colombo est\u00e1 mais preparada do que nunca para enfrentar os desafios do varejo f\u00edsico e digital, impulsionar a inova\u00e7\u00e3o e crescer com confian\u00e7a. Esse sucesso \u00e9 refletido no\u00a0<strong>melhor faturamento dos 65 anos de sua hist\u00f3ria<\/strong>.<\/p>\n<\/div>\n<\/div>\n<\/div>\n<\/div>\n<\/div>\n<\/div>\n","protected":false},"excerpt":{"rendered":"<p>Varejo Um gigante da economia\u00a0brasileira! O varejo no Brasil, que\u00a0emprega mais de 22 milh\u00f5es de pessoas e representa 25% do &hellip; <a href=\"https:\/\/octafy.com\/pt\/varejo\/\" class=\"more-link\" style=\"display:block;\">Veja mais <span class=\"screen-reader-text\">Varejo<\/span> <span class=\"meta-nav\">&rarr;<\/span><\/a><\/p>\n","protected":false},"author":1,"featured_media":0,"parent":0,"menu_order":1,"comment_status":"closed","ping_status":"closed","template":"page_segmentos_varejo.php","meta":{"_acf_changed":false,"footnotes":""},"class_list":["post-453","page","type-page","status-publish","hentry"],"acf":[],"yoast_head":"<!-- This site is optimized with the Yoast SEO plugin v27.4 - https:\/\/yoast.com\/product\/yoast-seo-wordpress\/ -->\n<title>Varejo | Octafy<\/title>\n<meta name=\"description\" content=\"Um gigante da economia brasileira!\" \/>\n<meta name=\"robots\" content=\"index, follow, max-snippet:-1, max-image-preview:large, max-video-preview:-1\" \/>\n<link rel=\"canonical\" href=\"https:\/\/octafy.com\/pt\/varejo\/\" \/>\n<meta property=\"og:locale\" content=\"pt_BR\" \/>\n<meta property=\"og:type\" content=\"article\" \/>\n<meta property=\"og:title\" content=\"Varejo | Octafy\" \/>\n<meta property=\"og:description\" content=\"Um gigante da economia brasileira!\" \/>\n<meta property=\"og:url\" content=\"https:\/\/octafy.com\/pt\/varejo\/\" \/>\n<meta property=\"og:site_name\" content=\"Octafy\" \/>\n<meta property=\"article:modified_time\" content=\"2025-06-30T15:51:59+00:00\" \/>\n<meta property=\"og:image\" content=\"https:\/\/octafy.com\/pt\/wp-content\/uploads\/2025\/02\/octafy_featured-image.png\" \/>\n\t<meta property=\"og:image:width\" content=\"1200\" \/>\n\t<meta property=\"og:image:height\" content=\"630\" \/>\n\t<meta property=\"og:image:type\" content=\"image\/png\" \/>\n<meta name=\"twitter:card\" content=\"summary_large_image\" \/>\n<meta name=\"twitter:label1\" content=\"Est. tempo de leitura\" \/>\n\t<meta name=\"twitter:data1\" content=\"4 minutos\" \/>\n<script type=\"application\/ld+json\" class=\"yoast-schema-graph\">{\"@context\":\"https:\\\/\\\/schema.org\",\"@graph\":[{\"@type\":\"WebPage\",\"@id\":\"https:\\\/\\\/octafy.com\\\/pt\\\/varejo\\\/\",\"url\":\"https:\\\/\\\/octafy.com\\\/pt\\\/varejo\\\/\",\"name\":\"Varejo | Octafy\",\"isPartOf\":{\"@id\":\"https:\\\/\\\/octafy.com\\\/pt\\\/#website\"},\"datePublished\":\"2025-02-03T12:49:27+00:00\",\"dateModified\":\"2025-06-30T15:51:59+00:00\",\"description\":\"Um gigante da economia brasileira!\",\"breadcrumb\":{\"@id\":\"https:\\\/\\\/octafy.com\\\/pt\\\/varejo\\\/#breadcrumb\"},\"inLanguage\":\"pt-BR\",\"potentialAction\":[{\"@type\":\"ReadAction\",\"target\":[\"https:\\\/\\\/octafy.com\\\/pt\\\/varejo\\\/\"]}]},{\"@type\":\"BreadcrumbList\",\"@id\":\"https:\\\/\\\/octafy.com\\\/pt\\\/varejo\\\/#breadcrumb\",\"itemListElement\":[{\"@type\":\"ListItem\",\"position\":1,\"name\":\"Home\",\"item\":\"https:\\\/\\\/octafy.com\\\/pt\\\/\"},{\"@type\":\"ListItem\",\"position\":2,\"name\":\"Varejo\"}]},{\"@type\":\"WebSite\",\"@id\":\"https:\\\/\\\/octafy.com\\\/pt\\\/#website\",\"url\":\"https:\\\/\\\/octafy.com\\\/pt\\\/\",\"name\":\"Octafy\",\"description\":\"\",\"publisher\":{\"@id\":\"https:\\\/\\\/octafy.com\\\/pt\\\/#organization\"},\"potentialAction\":[{\"@type\":\"SearchAction\",\"target\":{\"@type\":\"EntryPoint\",\"urlTemplate\":\"https:\\\/\\\/octafy.com\\\/pt\\\/?s={search_term_string}\"},\"query-input\":{\"@type\":\"PropertyValueSpecification\",\"valueRequired\":true,\"valueName\":\"search_term_string\"}}],\"inLanguage\":\"pt-BR\"},{\"@type\":\"Organization\",\"@id\":\"https:\\\/\\\/octafy.com\\\/pt\\\/#organization\",\"name\":\"Octafy\",\"url\":\"https:\\\/\\\/octafy.com\\\/pt\\\/\",\"logo\":{\"@type\":\"ImageObject\",\"inLanguage\":\"pt-BR\",\"@id\":\"https:\\\/\\\/octafy.com\\\/pt\\\/#\\\/schema\\\/logo\\\/image\\\/\",\"url\":\"https:\\\/\\\/octafy.com\\\/pt\\\/wp-content\\\/uploads\\\/2025\\\/02\\\/octafy_featured-image.png\",\"contentUrl\":\"https:\\\/\\\/octafy.com\\\/pt\\\/wp-content\\\/uploads\\\/2025\\\/02\\\/octafy_featured-image.png\",\"width\":1200,\"height\":630,\"caption\":\"Octafy\"},\"image\":{\"@id\":\"https:\\\/\\\/octafy.com\\\/pt\\\/#\\\/schema\\\/logo\\\/image\\\/\"}}]}<\/script>\n<!-- \/ Yoast SEO plugin. -->","yoast_head_json":{"title":"Varejo | Octafy","description":"Um gigante da economia brasileira!","robots":{"index":"index","follow":"follow","max-snippet":"max-snippet:-1","max-image-preview":"max-image-preview:large","max-video-preview":"max-video-preview:-1"},"canonical":"https:\/\/octafy.com\/pt\/varejo\/","og_locale":"pt_BR","og_type":"article","og_title":"Varejo | Octafy","og_description":"Um gigante da economia brasileira!","og_url":"https:\/\/octafy.com\/pt\/varejo\/","og_site_name":"Octafy","article_modified_time":"2025-06-30T15:51:59+00:00","og_image":[{"width":1200,"height":630,"url":"https:\/\/octafy.com\/pt\/wp-content\/uploads\/2025\/02\/octafy_featured-image.png","type":"image\/png"}],"twitter_card":"summary_large_image","twitter_misc":{"Est. tempo de leitura":"4 minutos"},"schema":{"@context":"https:\/\/schema.org","@graph":[{"@type":"WebPage","@id":"https:\/\/octafy.com\/pt\/varejo\/","url":"https:\/\/octafy.com\/pt\/varejo\/","name":"Varejo | Octafy","isPartOf":{"@id":"https:\/\/octafy.com\/pt\/#website"},"datePublished":"2025-02-03T12:49:27+00:00","dateModified":"2025-06-30T15:51:59+00:00","description":"Um gigante da economia brasileira!","breadcrumb":{"@id":"https:\/\/octafy.com\/pt\/varejo\/#breadcrumb"},"inLanguage":"pt-BR","potentialAction":[{"@type":"ReadAction","target":["https:\/\/octafy.com\/pt\/varejo\/"]}]},{"@type":"BreadcrumbList","@id":"https:\/\/octafy.com\/pt\/varejo\/#breadcrumb","itemListElement":[{"@type":"ListItem","position":1,"name":"Home","item":"https:\/\/octafy.com\/pt\/"},{"@type":"ListItem","position":2,"name":"Varejo"}]},{"@type":"WebSite","@id":"https:\/\/octafy.com\/pt\/#website","url":"https:\/\/octafy.com\/pt\/","name":"Octafy","description":"","publisher":{"@id":"https:\/\/octafy.com\/pt\/#organization"},"potentialAction":[{"@type":"SearchAction","target":{"@type":"EntryPoint","urlTemplate":"https:\/\/octafy.com\/pt\/?s={search_term_string}"},"query-input":{"@type":"PropertyValueSpecification","valueRequired":true,"valueName":"search_term_string"}}],"inLanguage":"pt-BR"},{"@type":"Organization","@id":"https:\/\/octafy.com\/pt\/#organization","name":"Octafy","url":"https:\/\/octafy.com\/pt\/","logo":{"@type":"ImageObject","inLanguage":"pt-BR","@id":"https:\/\/octafy.com\/pt\/#\/schema\/logo\/image\/","url":"https:\/\/octafy.com\/pt\/wp-content\/uploads\/2025\/02\/octafy_featured-image.png","contentUrl":"https:\/\/octafy.com\/pt\/wp-content\/uploads\/2025\/02\/octafy_featured-image.png","width":1200,"height":630,"caption":"Octafy"},"image":{"@id":"https:\/\/octafy.com\/pt\/#\/schema\/logo\/image\/"}}]}},"_links":{"self":[{"href":"https:\/\/octafy.com\/pt\/wp-json\/wp\/v2\/pages\/453","targetHints":{"allow":["GET"]}}],"collection":[{"href":"https:\/\/octafy.com\/pt\/wp-json\/wp\/v2\/pages"}],"about":[{"href":"https:\/\/octafy.com\/pt\/wp-json\/wp\/v2\/types\/page"}],"author":[{"embeddable":true,"href":"https:\/\/octafy.com\/pt\/wp-json\/wp\/v2\/users\/1"}],"replies":[{"embeddable":true,"href":"https:\/\/octafy.com\/pt\/wp-json\/wp\/v2\/comments?post=453"}],"version-history":[{"count":0,"href":"https:\/\/octafy.com\/pt\/wp-json\/wp\/v2\/pages\/453\/revisions"}],"wp:attachment":[{"href":"https:\/\/octafy.com\/pt\/wp-json\/wp\/v2\/media?parent=453"}],"curies":[{"name":"wp","href":"https:\/\/api.w.org\/{rel}","templated":true}]}}