{"id":455,"date":"2025-02-03T09:49:51","date_gmt":"2025-02-03T12:49:51","guid":{"rendered":"http:\/\/localhost\/_LYMP_WEB\/octafy\/?page_id=455"},"modified":"2025-06-30T14:55:50","modified_gmt":"2025-06-30T17:55:50","slug":"saude","status":"publish","type":"page","link":"https:\/\/octafy.com\/pt\/saude\/","title":{"rendered":"Sa\u00fade"},"content":{"rendered":"<div class=\"container-fluid ctn_full-always ctn_parallax ctn_apresentacao bg_cor-id-2_dark\">\n<div class=\"container ctn\">\n<div class=\"row\">\n<div class=\"500 col-md-6 col-sm-6 effectJs-init effectJs-animate\" data-effectjs=\"fade\" data-effectjs-delay=\"500\" data-effectjs-duration=\"500\">\n<h1 class=\"titulo titulo_40 titulo_600 txt_cor-id-1 mg-bt_30\">Excel\u00eancia na gest\u00e3o em Sa\u00fade atrav\u00e9s da tecnologia e inova\u00e7\u00e3o<\/h1>\n<h2 class=\"titulo titulo_20 titulo_400 txt_branco\"><span class=\"txt_bg_cor-id-3\">Cuidamos<\/span>\u00a0das empresas para que possam cuidar da vida e\u00a0<b>bem-estar de seus clientes.<\/b><\/h2>\n<\/div>\n<\/div>\n<\/div>\n<\/div>\n<div class=\"container-fluid ctn_descritivo-1 bg_cor-id-2_dark\">\n<div class=\"container ctn_default\">\n<div class=\"row\">\n<div class=\"500 col-md-8 col-md-push-2 effectJs-init effectJs-animate\" data-effectjs=\"fade\" data-effectjs-duration=\"500\">\n<div>\n<div class=\"txt-default txt_branco\">\n<p>Digitalizar processos operacionais, oferecer servi\u00e7os \u00e1geis, personalizados e seguros, tem sido demanda constante em hospitais e operadoras de planos de sa\u00fade precisam\u00a0<strong>otimizar a gest\u00e3o de dados e melhorar a experi\u00eancia do cliente<\/strong>, enquanto atendem \u00e0 crescente demanda por solu\u00e7\u00f5es inovadoras e eficientes. O uso de solu\u00e7\u00f5es em nuvem est\u00e1 acelerado, com \u00eanfase em\u00a0<strong>redu\u00e7\u00e3o de custos<\/strong>\u00a0operacionais e flexibilidade. A an\u00e1lise avan\u00e7ada de dados ajuda na personaliza\u00e7\u00e3o de servi\u00e7os e na tomada de decis\u00f5es mais precisas. A automa\u00e7\u00e3o de processos em sa\u00fade tamb\u00e9m tem sido um fator crucial na melhoria da efici\u00eancia e qualidade dos servi\u00e7os prestados.<\/p>\n<\/div>\n<\/div>\n<\/div>\n<\/div>\n<\/div>\n<\/div>\n<div class=\"container-fluid ctn_case ctn_bg-img ctn_bg-line-top\">\n<div class=\"container ctn_default\">\n<div class=\"row\">\n<div class=\"500 col-md-10 col-md-push-1 effectJs-init effectJs-animate\" data-effectjs=\"fade\" data-effectjs-duration=\"500\">\n<h2 class=\"titulo titulo_40 titulo_700 txt_cor-id-2_dark text-center mg-bt_50\">Case de Sucesso<\/h2>\n<h3 class=\"box_destaque titulo_20 titulo_400 txt_branco text-center bg_cor-id-3 mg-bt_70\">Nexdom\u00a0<b>inova na gest\u00e3o<\/b>\u00a0das operadoras Unimed com a\u00a0<b>Octafy.<\/b><\/h3>\n<div class=\"col_2-1 reverse box_destaque box_destaque-radius bg_branco\">\n<div>\n<p>A\u00a0<strong>Nexdom Healthtech<\/strong>\u00a0surgiu da evolu\u00e7\u00e3o do Projeto Sinergia ERP, uma iniciativa das operadoras Unimed do Brasil, Unimed Federa\u00e7\u00e3o do Paran\u00e1, Unimed Fortaleza, Unio Digital, Zitrus Healthtech e Unimed Participa\u00e7\u00f5es. Com a miss\u00e3o de integrar tecnologias para a opera\u00e7\u00e3o de planos de sa\u00fade, a empresa visa inovar e proporcionar solu\u00e7\u00f5es robustas para operadoras, garantindo acesso \u00e0 sa\u00fade a 19,3 milh\u00f5es de benefici\u00e1rios.<\/p>\n<p>Em 2024, a evolu\u00e7\u00e3o do projeto levou ao nascimento da Nexdom, com uma estrutura de mais de 300 colaboradores e foco em efici\u00eancia e precis\u00e3o, tendo como clientes\u00a0<strong>mais de 130 Unimeds no Brasil.<\/strong><\/p>\n<\/div>\n<\/div>\n<\/div>\n<\/div>\n<\/div>\n<\/div>\n<div class=\"container-fluid ctn_bg-img ctn_bg-line-top ctn_bg-waves-big bg_branco\">\n<div class=\"container ctn_default\">\n<div class=\"row\">\n<div class=\"500 col-md-10 col-md-push-1 effectJs-init effectJs-animate\" data-effectjs=\"fade\" data-effectjs-duration=\"500\">\n<div class=\"txt-default\">\n<h3>Desafios<\/h3>\n<p>A Nexdom tem a miss\u00e3o de modernizar a gest\u00e3o das Unimeds, integrando processos complexos e oferecendo solu\u00e7\u00f5es eficientes. Seu core \u00e9\u00a0<strong>desenvolver e entregar softwares cada vez mais sofisticados<\/strong>, enquanto garante que os dados das operadoras Unimed, sob sua gest\u00e3o em modelo SaaS, atendam a requisitos rigorosos de escalabilidade, seguran\u00e7a e conformidade regulat\u00f3ria. Est\u00e1 sempre em busca melhorar a experi\u00eancia do usu\u00e1rio em um setor com\u00a0<strong>alta demanda por inova\u00e7\u00e3o<\/strong>, ao mesmo tempo em que trabalha para reduzir continuamente o custo operacional.<\/p>\n<\/div>\n<\/div>\n<\/div>\n<\/div>\n<\/div>\n<div class=\"container-fluid ctn_destaque bg_cor-id-3\">\n<div class=\"container\">\n<div class=\"row\">\n<div class=\"500 col-md-8 col-md-push-2 effectJs-init effectJs-animate\" data-effectjs=\"fade\" data-effectjs-duration=\"500\">\n<h2 class=\"titulo titulo_25 titulo_400 txt_branco text-center text-italic\">Entre o\u00a0<b>melhor software e o melhor servi\u00e7o<\/b>, as Unimeds ficam com os dois.<\/h2>\n<\/div>\n<\/div>\n<\/div>\n<\/div>\n<div class=\"container-fluid ctn_o-que ctn_cards-icons ctn_parallax bg_cor-id-2_dark\">\n<div class=\"container ctn_default\">\n<div class=\"row mg-bt_70\">\n<div class=\"500 col-md-10 col-md-push-1 effectJs-init effectJs-animate\" data-effectjs=\"fade\" data-effectjs-duration=\"500\">\n<h2 class=\"titulo titulo_40 titulo_700 txt_cor-id-2_dark text-center mg-bt_50\">O que entregamos<\/h2>\n<div class=\"txt-default\">\n<p><strong>Parceira estrat\u00e9gica<\/strong>\u00a0que permite colaborar em diversas \u00e1reas, desde consultoria especializada para licenciamento Oracle, at\u00e9 a cria\u00e7\u00e3o de ambientes \u00e1geis com virtualiza\u00e7\u00e3o de bancos de dados usando\u00a0<strong>Accelario<\/strong>, garantindo a conveni\u00eancia de um\u00a0<strong>\u00fanico fornecedor<\/strong>.<\/p>\n<\/div>\n<\/div>\n<\/div>\n<div class=\"row\">\n<div class=\"500 col-md-12 effectJs-init effectJs-animate\" data-effectjs=\"fade\" data-effectjs-duration=\"500\">\n<ul>\n<li>\n<h3 class=\"titulo titulo_20 titulo_600 txt_cor-id-2 mg-bt_10\">Consultoria em Licenciamento Oracle (ULA)<\/h3>\n<p>Revis\u00e3o estrat\u00e9gica de contratos para reduzir custos e otimizar investimentos.<\/li>\n<li>\n<h3 class=\"titulo titulo_20 titulo_600 txt_cor-id-2 mg-bt_10\">Virtualiza\u00e7\u00e3o de Banco de Dados com Accelario<\/h3>\n<p>Implanta\u00e7\u00e3o \u00e1gil de ambientes de teste e desenvolvimento integrados ao processo de DevOps<\/li>\n<li>\n<h3 class=\"titulo titulo_20 titulo_600 txt_cor-id-2 mg-bt_10\">Migra\u00e7\u00e3o para Oracle Exadata em Cloud<\/h3>\n<p>Solu\u00e7\u00f5es de alta performance para escalabilidade e redu\u00e7\u00e3o de custos operacionais.<\/li>\n<li>\n<h3 class=\"titulo titulo_20 titulo_600 txt_cor-id-2 mg-bt_10\">Gest\u00e3o Proativa e Monitoramento 24&#215;7<\/h3>\n<p>Supervis\u00e3o cont\u00ednua para disponibilidade e mitiga\u00e7\u00e3o de incidentes.<\/li>\n<li>\n<h3 class=\"titulo titulo_20 titulo_600 txt_cor-id-2 mg-bt_10\">Ocean AI da Octafy<\/h3>\n<p>Co-pilot de intelig\u00eancia artificial para decis\u00f5es mais assertivas na gest\u00e3o de bancos de dados.<\/li>\n<\/ul>\n<\/div>\n<\/div>\n<\/div>\n<\/div>\n<div class=\"container-fluid ctn_resultados ctn_cards-icons bg_branco\">\n<div class=\"container ctn_default\">\n<div class=\"row mg-bt_70\">\n<div class=\"500 col-md-10 col-md-push-1 effectJs-init effectJs-animate\" data-effectjs=\"fade\" data-effectjs-duration=\"500\">\n<h2 class=\"titulo titulo_40 titulo_700 txt_cor-id-2_dark text-center\">Resultados<\/h2>\n<\/div>\n<\/div>\n<div class=\"row\">\n<div class=\"500 col-md-12 effectJs-init effectJs-animate\" data-effectjs=\"fade\" data-effectjs-duration=\"500\">\n<ul>\n<li>\n<h3 class=\"titulo titulo_20 titulo_600 txt_cor-id-2 mg-bt_10\">Economia significativa em licenciamento Oracle<\/h3>\n<p>Redu\u00e7\u00e3o de mais de 3 milh\u00f5es de reais para a Zitrus e Unimed Santa Catarina.<\/li>\n<li>\n<h3 class=\"titulo titulo_20 titulo_600 txt_cor-id-2 mg-bt_10\">Redu\u00e7\u00e3o de custos em Cloud<\/h3>\n<p>Diminui\u00e7\u00e3o de 48% nas despesas recorrentes, tornando as ofertas SaaS mais competitivas.<\/li>\n<li>\n<h3 class=\"titulo titulo_20 titulo_600 txt_cor-id-2 mg-bt_10\">Qualidade de Software e Time-to-Market<\/h3>\n<p>Com provisionamento self-service e imediato de ambientes de banco de dados, as equipes de software entregam solu\u00e7\u00f5es de forma mais r\u00e1pida e com maior qualidade.<\/li>\n<li>\n<h3 class=\"titulo titulo_20 titulo_600 txt_cor-id-2 mg-bt_10\">Maior Efici\u00eancia Operacional<\/h3>\n<p>A intelig\u00eancia artificial apoia a gest\u00e3o da infraestrutura com recomenda\u00e7\u00f5es precisas, otimizando a performance e a disponibilidade.<\/li>\n<li>\n<h3 class=\"titulo titulo_20 titulo_600 txt_cor-id-2 mg-bt_10\">Monitoramento 24&#215;7<\/h3>\n<p>Ambientes constantemente monitorados e altamente dispon\u00edveis aumentam a maturidade operacional e fortalecem a imagem da empresa no mercado.<\/li>\n<\/ul>\n<\/div>\n<\/div>\n<div class=\"row\">\n<div class=\"500 col-md-10 col-md-push-1 effectJs-init effectJs-animate\" data-effectjs=\"fade\" data-effectjs-duration=\"500\">\n<div class=\"box_destaque bg_cor-id-2_lightest txt-default mg-bt_70\">\n<p>A parceria entre\u00a0<strong>Nexdom e Octafy<\/strong>\u00a0trouxe avan\u00e7os significativos na gest\u00e3o de custos e na competitividade das solu\u00e7\u00f5es SaaS. A expertise em licenciamento Oracle proporcionou uma\u00a0<strong>economia expressiva<\/strong>, enquanto as otimiza\u00e7\u00f5es na infraestrutura de cloud reduziram drasticamente despesas operacionais, fortalecendo a oferta de servi\u00e7os.<\/p>\n<\/div>\n<\/div>\n<\/div>\n<\/div>\n<\/div>\n","protected":false},"excerpt":{"rendered":"<p>Excel\u00eancia na gest\u00e3o em Sa\u00fade atrav\u00e9s da tecnologia e inova\u00e7\u00e3o Cuidamos\u00a0das empresas para que possam cuidar da vida e\u00a0bem-estar de &hellip; <a href=\"https:\/\/octafy.com\/pt\/saude\/\" class=\"more-link\" style=\"display:block;\">Veja mais <span class=\"screen-reader-text\">Sa\u00fade<\/span> <span class=\"meta-nav\">&rarr;<\/span><\/a><\/p>\n","protected":false},"author":1,"featured_media":0,"parent":0,"menu_order":1,"comment_status":"closed","ping_status":"closed","template":"page_segmentos_saude.php","meta":{"_acf_changed":false,"footnotes":""},"class_list":["post-455","page","type-page","status-publish","hentry"],"acf":[],"yoast_head":"<!-- This site is optimized with the Yoast SEO plugin v27.4 - https:\/\/yoast.com\/product\/yoast-seo-wordpress\/ -->\n<title>Sa\u00fade | Octafy<\/title>\n<meta name=\"description\" content=\"Excel\u00eancia na gest\u00e3o em Sa\u00fade atrav\u00e9s da tecnologia e inova\u00e7\u00e3o. Cuidamos das empresas para que possam cuidar da vida e bem-estar de seus clientes.\" \/>\n<meta name=\"robots\" content=\"index, follow, max-snippet:-1, max-image-preview:large, max-video-preview:-1\" \/>\n<link rel=\"canonical\" href=\"https:\/\/octafy.com\/pt\/saude\/\" \/>\n<meta property=\"og:locale\" content=\"pt_BR\" \/>\n<meta property=\"og:type\" content=\"article\" \/>\n<meta property=\"og:title\" content=\"Sa\u00fade | Octafy\" \/>\n<meta property=\"og:description\" content=\"Excel\u00eancia na gest\u00e3o em Sa\u00fade atrav\u00e9s da tecnologia e inova\u00e7\u00e3o. Cuidamos das empresas para que possam cuidar da vida e bem-estar de seus clientes.\" \/>\n<meta property=\"og:url\" content=\"https:\/\/octafy.com\/pt\/saude\/\" \/>\n<meta property=\"og:site_name\" content=\"Octafy\" \/>\n<meta property=\"article:modified_time\" content=\"2025-06-30T17:55:50+00:00\" \/>\n<meta property=\"og:image\" content=\"https:\/\/octafy.com\/pt\/wp-content\/uploads\/2025\/02\/octafy_featured-image.png\" \/>\n\t<meta property=\"og:image:width\" content=\"1200\" \/>\n\t<meta property=\"og:image:height\" content=\"630\" \/>\n\t<meta property=\"og:image:type\" content=\"image\/png\" \/>\n<meta name=\"twitter:card\" content=\"summary_large_image\" \/>\n<meta name=\"twitter:label1\" content=\"Est. tempo de leitura\" \/>\n\t<meta name=\"twitter:data1\" content=\"3 minutos\" \/>\n<script type=\"application\/ld+json\" class=\"yoast-schema-graph\">{\"@context\":\"https:\\\/\\\/schema.org\",\"@graph\":[{\"@type\":\"WebPage\",\"@id\":\"https:\\\/\\\/octafy.com\\\/pt\\\/saude\\\/\",\"url\":\"https:\\\/\\\/octafy.com\\\/pt\\\/saude\\\/\",\"name\":\"Sa\u00fade | Octafy\",\"isPartOf\":{\"@id\":\"https:\\\/\\\/octafy.com\\\/pt\\\/#website\"},\"datePublished\":\"2025-02-03T12:49:51+00:00\",\"dateModified\":\"2025-06-30T17:55:50+00:00\",\"description\":\"Excel\u00eancia na gest\u00e3o em Sa\u00fade atrav\u00e9s da tecnologia e inova\u00e7\u00e3o. Cuidamos das empresas para que possam cuidar da vida e bem-estar de seus clientes.\",\"breadcrumb\":{\"@id\":\"https:\\\/\\\/octafy.com\\\/pt\\\/saude\\\/#breadcrumb\"},\"inLanguage\":\"pt-BR\",\"potentialAction\":[{\"@type\":\"ReadAction\",\"target\":[\"https:\\\/\\\/octafy.com\\\/pt\\\/saude\\\/\"]}]},{\"@type\":\"BreadcrumbList\",\"@id\":\"https:\\\/\\\/octafy.com\\\/pt\\\/saude\\\/#breadcrumb\",\"itemListElement\":[{\"@type\":\"ListItem\",\"position\":1,\"name\":\"Home\",\"item\":\"https:\\\/\\\/octafy.com\\\/pt\\\/\"},{\"@type\":\"ListItem\",\"position\":2,\"name\":\"Sa\u00fade\"}]},{\"@type\":\"WebSite\",\"@id\":\"https:\\\/\\\/octafy.com\\\/pt\\\/#website\",\"url\":\"https:\\\/\\\/octafy.com\\\/pt\\\/\",\"name\":\"Octafy\",\"description\":\"\",\"publisher\":{\"@id\":\"https:\\\/\\\/octafy.com\\\/pt\\\/#organization\"},\"potentialAction\":[{\"@type\":\"SearchAction\",\"target\":{\"@type\":\"EntryPoint\",\"urlTemplate\":\"https:\\\/\\\/octafy.com\\\/pt\\\/?s={search_term_string}\"},\"query-input\":{\"@type\":\"PropertyValueSpecification\",\"valueRequired\":true,\"valueName\":\"search_term_string\"}}],\"inLanguage\":\"pt-BR\"},{\"@type\":\"Organization\",\"@id\":\"https:\\\/\\\/octafy.com\\\/pt\\\/#organization\",\"name\":\"Octafy\",\"url\":\"https:\\\/\\\/octafy.com\\\/pt\\\/\",\"logo\":{\"@type\":\"ImageObject\",\"inLanguage\":\"pt-BR\",\"@id\":\"https:\\\/\\\/octafy.com\\\/pt\\\/#\\\/schema\\\/logo\\\/image\\\/\",\"url\":\"https:\\\/\\\/octafy.com\\\/pt\\\/wp-content\\\/uploads\\\/2025\\\/02\\\/octafy_featured-image.png\",\"contentUrl\":\"https:\\\/\\\/octafy.com\\\/pt\\\/wp-content\\\/uploads\\\/2025\\\/02\\\/octafy_featured-image.png\",\"width\":1200,\"height\":630,\"caption\":\"Octafy\"},\"image\":{\"@id\":\"https:\\\/\\\/octafy.com\\\/pt\\\/#\\\/schema\\\/logo\\\/image\\\/\"}}]}<\/script>\n<!-- \/ Yoast SEO plugin. -->","yoast_head_json":{"title":"Sa\u00fade | Octafy","description":"Excel\u00eancia na gest\u00e3o em Sa\u00fade atrav\u00e9s da tecnologia e inova\u00e7\u00e3o. Cuidamos das empresas para que possam cuidar da vida e bem-estar de seus clientes.","robots":{"index":"index","follow":"follow","max-snippet":"max-snippet:-1","max-image-preview":"max-image-preview:large","max-video-preview":"max-video-preview:-1"},"canonical":"https:\/\/octafy.com\/pt\/saude\/","og_locale":"pt_BR","og_type":"article","og_title":"Sa\u00fade | Octafy","og_description":"Excel\u00eancia na gest\u00e3o em Sa\u00fade atrav\u00e9s da tecnologia e inova\u00e7\u00e3o. Cuidamos das empresas para que possam cuidar da vida e bem-estar de seus clientes.","og_url":"https:\/\/octafy.com\/pt\/saude\/","og_site_name":"Octafy","article_modified_time":"2025-06-30T17:55:50+00:00","og_image":[{"width":1200,"height":630,"url":"https:\/\/octafy.com\/pt\/wp-content\/uploads\/2025\/02\/octafy_featured-image.png","type":"image\/png"}],"twitter_card":"summary_large_image","twitter_misc":{"Est. tempo de leitura":"3 minutos"},"schema":{"@context":"https:\/\/schema.org","@graph":[{"@type":"WebPage","@id":"https:\/\/octafy.com\/pt\/saude\/","url":"https:\/\/octafy.com\/pt\/saude\/","name":"Sa\u00fade | Octafy","isPartOf":{"@id":"https:\/\/octafy.com\/pt\/#website"},"datePublished":"2025-02-03T12:49:51+00:00","dateModified":"2025-06-30T17:55:50+00:00","description":"Excel\u00eancia na gest\u00e3o em Sa\u00fade atrav\u00e9s da tecnologia e inova\u00e7\u00e3o. Cuidamos das empresas para que possam cuidar da vida e bem-estar de seus clientes.","breadcrumb":{"@id":"https:\/\/octafy.com\/pt\/saude\/#breadcrumb"},"inLanguage":"pt-BR","potentialAction":[{"@type":"ReadAction","target":["https:\/\/octafy.com\/pt\/saude\/"]}]},{"@type":"BreadcrumbList","@id":"https:\/\/octafy.com\/pt\/saude\/#breadcrumb","itemListElement":[{"@type":"ListItem","position":1,"name":"Home","item":"https:\/\/octafy.com\/pt\/"},{"@type":"ListItem","position":2,"name":"Sa\u00fade"}]},{"@type":"WebSite","@id":"https:\/\/octafy.com\/pt\/#website","url":"https:\/\/octafy.com\/pt\/","name":"Octafy","description":"","publisher":{"@id":"https:\/\/octafy.com\/pt\/#organization"},"potentialAction":[{"@type":"SearchAction","target":{"@type":"EntryPoint","urlTemplate":"https:\/\/octafy.com\/pt\/?s={search_term_string}"},"query-input":{"@type":"PropertyValueSpecification","valueRequired":true,"valueName":"search_term_string"}}],"inLanguage":"pt-BR"},{"@type":"Organization","@id":"https:\/\/octafy.com\/pt\/#organization","name":"Octafy","url":"https:\/\/octafy.com\/pt\/","logo":{"@type":"ImageObject","inLanguage":"pt-BR","@id":"https:\/\/octafy.com\/pt\/#\/schema\/logo\/image\/","url":"https:\/\/octafy.com\/pt\/wp-content\/uploads\/2025\/02\/octafy_featured-image.png","contentUrl":"https:\/\/octafy.com\/pt\/wp-content\/uploads\/2025\/02\/octafy_featured-image.png","width":1200,"height":630,"caption":"Octafy"},"image":{"@id":"https:\/\/octafy.com\/pt\/#\/schema\/logo\/image\/"}}]}},"_links":{"self":[{"href":"https:\/\/octafy.com\/pt\/wp-json\/wp\/v2\/pages\/455","targetHints":{"allow":["GET"]}}],"collection":[{"href":"https:\/\/octafy.com\/pt\/wp-json\/wp\/v2\/pages"}],"about":[{"href":"https:\/\/octafy.com\/pt\/wp-json\/wp\/v2\/types\/page"}],"author":[{"embeddable":true,"href":"https:\/\/octafy.com\/pt\/wp-json\/wp\/v2\/users\/1"}],"replies":[{"embeddable":true,"href":"https:\/\/octafy.com\/pt\/wp-json\/wp\/v2\/comments?post=455"}],"version-history":[{"count":0,"href":"https:\/\/octafy.com\/pt\/wp-json\/wp\/v2\/pages\/455\/revisions"}],"wp:attachment":[{"href":"https:\/\/octafy.com\/pt\/wp-json\/wp\/v2\/media?parent=455"}],"curies":[{"name":"wp","href":"https:\/\/api.w.org\/{rel}","templated":true}]}}