{"id":457,"date":"2025-02-03T09:47:48","date_gmt":"2025-02-03T12:47:48","guid":{"rendered":"http:\/\/localhost\/_LYMP_WEB\/octafy\/?page_id=457"},"modified":"2025-06-30T12:51:16","modified_gmt":"2025-06-30T15:51:16","slug":"logistica","status":"publish","type":"page","link":"https:\/\/octafy.com\/pt\/logistica\/","title":{"rendered":"Log\u00edstica"},"content":{"rendered":"<div class=\"container-fluid ctn_full-always ctn_parallax ctn_bg-img-over ctn_apresentacao bg_cor-id-2_dark\">\n<div class=\"container ctn\">\n<div class=\"row\">\n<div class=\"500 col-md-8 col-md-push-2 effectJs-init effectJs-animate\" data-effectjs=\"fade\" data-effectjs-delay=\"500\" data-effectjs-duration=\"500\">\n<h1 class=\"titulo titulo_50 titulo_600 txt_branco text-center\">Entregue servi\u00e7os mais \u00e1geis e personalizados na log\u00edstica<\/h1>\n<\/div>\n<\/div>\n<\/div>\n<\/div>\n<div class=\"container-fluid ctn_descritivo-1 ctn_bg-img bg_cor-id-4\">\n<div class=\"container ctn_default\">\n<div class=\"row\">\n<div class=\"500 col-md-8 col-md-push-2 effectJs-init effectJs-animate\" data-effectjs=\"fade\" data-effectjs-duration=\"500\">\n<div class=\"box_destaque bg_cor-id-2_lightest txt-default\">\n<p>O setor de log\u00edstica no Brasil est\u00e1 passando por uma transforma\u00e7\u00e3o impulsionada pelo aumento da demanda, principalmente devido ao e-commerce. Essa transforma\u00e7\u00e3o envolve a digitaliza\u00e7\u00e3o, a\u00a0<strong>ado\u00e7\u00e3o de novas tecnologias<\/strong>\u00a0como a computa\u00e7\u00e3o em nuvem e a automa\u00e7\u00e3o, e o uso de an\u00e1lise de dados para\u00a0<strong>otimizar processos e melhorar a efici\u00eancia e a experi\u00eancia do cliente.<\/strong><\/p>\n<\/div>\n<\/div>\n<\/div>\n<\/div>\n<\/div>\n<div class=\"container-fluid ctn_destaque bg_cor-id-1\">\n<div class=\"container\">\n<div class=\"row\">\n<div class=\"500 col-md-10 col-md-push-1 effectJs-init effectJs-animate\" data-effectjs=\"fade\" data-effectjs-duration=\"500\">\n<h2 class=\"titulo titulo_25 titulo_400 txt_cor-id-2_dark text-center\"><b>Aumento do uso de automa\u00e7\u00e3o e rob\u00f3tica<\/b>\u00a0passam a ser prioridade dos investimentos em tecnologias no setor de log\u00edstica.<\/h2>\n<\/div>\n<\/div>\n<\/div>\n<\/div>\n<div class=\"container-fluid ctn_case-descritivo-2 ctn_bg-img ctn_bg-line-top\">\n<div class=\"container ctn_default\">\n<div class=\"row mg-bt_70\">\n<div class=\"500 col-md-8 col-md-push-2 effectJs-init effectJs-animate\" data-effectjs=\"fade\" data-effectjs-duration=\"500\">\n<h2 class=\"titulo titulo_40 titulo_700 txt_cor-id-2_dark text-center mg-bt_20\">Case de sucesso<\/h2>\n<h3 class=\"titulo_25 titulo_700 txt_branco text-center mg-bt_10\"><span class=\"txt_bg_cor-id-3\">Pioneirismo na log\u00edstica<\/span><\/h3>\n<div class=\"txt-default\">\n<p class=\"text-center\">a primeira empresa no Brasil a implementar o\u00a0<b>banco de dados aut\u00f4nomo.<\/b><\/p>\n<\/div>\n<\/div>\n<\/div>\n<div class=\"row\">\n<div class=\"500 col-md-10 col-md-push-1 effectJs-init effectJs-animate\" data-effectjs=\"fade\" data-effectjs-duration=\"500\">\n<div class=\"col_2-1 reverse\">\n<div>\n<p>A Isapa \u00e9\u00a0<strong>uma das maiores distribuidoras da Am\u00e9rica Latina no setor de pe\u00e7as, acess\u00f3rios e equipamentos<\/strong>\u00a0para bicicletas, motos e autom\u00f3veis. Com mais de 60 anos de experi\u00eancia, a empresa se destaca pela ampla gama de produtos, excel\u00eancia log\u00edstica e compromisso com a inova\u00e7\u00e3o.<\/p>\n<p>Atendendo a revendedores em todo o Brasil, a Isapa combina\u00a0<strong>tradi\u00e7\u00e3o e tecnologia para oferecer solu\u00e7\u00f5es de alta qualidade que<\/strong> impulsionam o mercado e atendem \u00e0s necessidades de seus clientes.<\/p>\n<\/div>\n<\/div>\n<\/div>\n<\/div>\n<\/div>\n<\/div>\n<div class=\"container-fluid ctn_slider-cards ctn_case-desafios ctn_bg-img bg_branco\">\n<div class=\"container ctn_default\">\n<div class=\"row\">\n<div class=\"500 col-md-12 effectJs-init effectJs-animate\" data-effectjs=\"fade\" data-effectjs-duration=\"500\">\n<div>\n<div>\n<h2 class=\"titulo titulo_40 titulo_700 txt_branco text-center mg-bt_40\">Desafios<\/h2>\n<div class=\"1000 jd-slider jd-slider_case-desafios effectJs-init effectJs-animate\" data-effectjs=\"fade\" data-effectjs-delay=\"250\" data-effectjs-duration=\"1000\">\n<div class=\"slide-inner\">\n<ul class=\"slide-area\" data-index=\"2\" data-hover=\"false\">\n<li class=\"clone\" tabindex=\"-1\" aria-hidden=\"true\">\n<h3 class=\"titulo titulo_20 titulo_600 txt_branco text-center\">Integra\u00e7\u00e3o eficiente de dados<\/h3>\n<\/li>\n<li class=\"clone\" tabindex=\"-1\" aria-hidden=\"true\">\n<h3 class=\"titulo titulo_20 titulo_600 txt_branco text-center\">Antecipa\u00e7\u00e3o de tend\u00eancias<\/h3>\n<\/li>\n<li class=\"clone\" tabindex=\"-1\" aria-hidden=\"true\">\n<h3 class=\"titulo titulo_20 titulo_600 txt_branco text-center\">Melhoria da experi\u00eancia do cliente<\/h3>\n<\/li>\n<li class=\"clone\" tabindex=\"-1\" aria-hidden=\"true\">\n<h3 class=\"titulo titulo_20 titulo_600 txt_branco text-center\">Garantir a conformidade regulat\u00f3ria<\/h3>\n<\/li>\n<li class=\"clone\" tabindex=\"-1\" aria-hidden=\"true\">\n<h3 class=\"titulo titulo_20 titulo_600 txt_branco text-center\">Seguran\u00e7a dos dados<\/h3>\n<\/li>\n<li class=\"\" tabindex=\"-1\" aria-hidden=\"true\">\n<h3 class=\"titulo titulo_20 titulo_600 txt_branco text-center\">Reduzir custos de infraestrutura<\/h3>\n<\/li>\n<li class=\"\" tabindex=\"-1\" aria-hidden=\"true\">\n<h3 class=\"titulo titulo_20 titulo_600 txt_branco text-center\">Otimizar a log\u00edstica<\/h3>\n<\/li>\n<li class=\"on show\" tabindex=\"-1\" aria-hidden=\"false\">\n<h3 class=\"titulo titulo_20 titulo_600 txt_branco text-center\">Melhorar a gest\u00e3o de estoque<\/h3>\n<\/li>\n<li class=\"show\" tabindex=\"-1\" aria-hidden=\"false\">\n<h3 class=\"titulo titulo_20 titulo_600 txt_branco text-center\">Integra\u00e7\u00e3o eficiente de dados<\/h3>\n<\/li>\n<li class=\"show\" tabindex=\"-1\" aria-hidden=\"false\">\n<h3 class=\"titulo titulo_20 titulo_600 txt_branco text-center\">Antecipa\u00e7\u00e3o de tend\u00eancias<\/h3>\n<\/li>\n<li class=\"show\" tabindex=\"-1\" aria-hidden=\"false\">\n<h3 class=\"titulo titulo_20 titulo_600 txt_branco text-center\">Melhoria da experi\u00eancia do cliente<\/h3>\n<\/li>\n<li class=\"show\" tabindex=\"-1\" aria-hidden=\"false\">\n<h3 class=\"titulo titulo_20 titulo_600 txt_branco text-center\">Garantir a conformidade regulat\u00f3ria<\/h3>\n<\/li>\n<li tabindex=\"-1\" aria-hidden=\"true\">\n<h3 class=\"titulo titulo_20 titulo_600 txt_branco text-center\">Seguran\u00e7a dos dados<\/h3>\n<\/li>\n<li class=\"clone\" tabindex=\"-1\" aria-hidden=\"true\">\n<h3 class=\"titulo titulo_20 titulo_600 txt_branco text-center\">Reduzir custos de infraestrutura<\/h3>\n<\/li>\n<li class=\"clone\" tabindex=\"-1\" aria-hidden=\"true\">\n<h3 class=\"titulo titulo_20 titulo_600 txt_branco text-center\">Otimizar a log\u00edstica<\/h3>\n<\/li>\n<li class=\"clone\" tabindex=\"-1\" aria-hidden=\"true\">\n<h3 class=\"titulo titulo_20 titulo_600 txt_branco text-center\">Melhorar a gest\u00e3o de estoque<\/h3>\n<\/li>\n<li class=\"clone\" tabindex=\"-1\" aria-hidden=\"true\">\n<h3 class=\"titulo titulo_20 titulo_600 txt_branco text-center\">Integra\u00e7\u00e3o eficiente de dados<\/h3>\n<\/li>\n<li class=\"clone\" tabindex=\"-1\" aria-hidden=\"true\">\n<h3 class=\"titulo titulo_20 titulo_600 txt_branco text-center\">Antecipa\u00e7\u00e3o de tend\u00eancias<\/h3>\n<\/li>\n<\/ul>\n<\/div>\n<\/div>\n<\/div>\n<\/div>\n<\/div>\n<\/div>\n<\/div>\n<\/div>\n<div class=\"container-fluid ctn_o-que ctn_cards-icons bg_branco\">\n<div class=\"container ctn_default\">\n<div class=\"row mg-bt_70\">\n<div class=\"500 col-md-10 col-md-push-1 effectJs-init effectJs-animate\" data-effectjs=\"fade\" data-effectjs-duration=\"500\">\n<h2 class=\"titulo titulo_40 titulo_700 txt_cor-id-2_dark text-center mg-bt_40\">O que entregamos<\/h2>\n<div class=\"txt-default\">\n<p>A Isapa, em colabora\u00e7\u00e3o com a \u00e1rea de arquitetura da Oracle, decidiu\u00a0<strong>migrar seus ambientes para a Oracle Cloud<\/strong>, buscando ganhos em economia e efici\u00eancia operacional. No entanto, al\u00e9m dessa transi\u00e7\u00e3o, a empresa daria um passo pioneiro ao adotar o primeiro Autonomous Database do Brasil. Foi ent\u00e3o que a Oracle nos desafiou a nos preparar rapidamente e obter a certifica\u00e7\u00e3o para essa solu\u00e7\u00e3o inovadora. Como resultado, a Octafy se tornou a primeira empresa certificada no Autonomous Database e a respons\u00e1vel pela implementa\u00e7\u00e3o do primeiro projeto real dessa tecnologia, al\u00e9m da migra\u00e7\u00e3o completa para a nuvem.<\/p>\n<\/div>\n<\/div>\n<\/div>\n<div>\n<div class=\"500 col-md-10 col-md-push-1 effectJs-init effectJs-animate\" data-effectjs=\"fade\" data-effectjs-duration=\"500\">\n<ul>\n<li>\n<h3 class=\"titulo titulo_20 titulo_600 txt_cor-id-2 text-center mg-bt_10\">Oracle Cloud<\/h3>\n<p class=\"text-center\">Projeto de migra\u00e7\u00e3o para nuvem.<\/p>\n<\/li>\n<li>\n<h3 class=\"titulo titulo_20 titulo_600 txt_cor-id-2 text-center mg-bt_10\">Autonomous Database<\/h3>\n<p class=\"text-center\">Implanta\u00e7\u00e3o do primeiro projeto no Brasil.<\/p>\n<\/li>\n<li>\n<h3 class=\"titulo titulo_20 titulo_600 txt_cor-id-2 text-center mg-bt_10\">Ocean AI<\/h3>\n<p class=\"text-center\">A intelig\u00eancia artificial da Octafy para servi\u00e7os gerenciados.<\/p>\n<\/li>\n<li>\n<h3 class=\"titulo titulo_20 titulo_600 txt_cor-id-2 text-center mg-bt_10\">Gest\u00e3o proativa e monitoramento 24&#215;7<\/h3>\n<p class=\"text-center\">Implanta\u00e7\u00e3o, suporte especializado e intelig\u00eancia artificial com o Ocean AI.<\/p>\n<\/li>\n<li>\n<h3 class=\"titulo titulo_20 titulo_600 txt_cor-id-2 text-center mg-bt_10\">Monitoramento e gest\u00e3o de incidentes:<\/h3>\n<p class=\"text-center\">Recupera\u00e7\u00e3o de desastres e auditorias regulares de seguran\u00e7a.<\/p>\n<\/li>\n<\/ul>\n<\/div>\n<\/div>\n<\/div>\n<\/div>\n<div class=\"container-fluid ctn_resultados ctn_cards-icons ctn_bg-img bg_branco\">\n<div class=\"container ctn_default\">\n<div class=\"row mg-bt_40\">\n<div class=\"500 col-md-10 col-md-push-1 effectJs-init effectJs-animate\" data-effectjs=\"fade\" data-effectjs-duration=\"500\">\n<h2 class=\"titulo titulo_40 titulo_700 txt_cor-id-3 text-center mg-bt_40\">Resultados<\/h2>\n<div class=\"txt-default txt_branco\">\n<p>A empresa obteve uma redu\u00e7\u00e3o significativa de custos operacionais, garantindo maior escalabilidade e flexibilidade em seus processos. A inova\u00e7\u00e3o e a automa\u00e7\u00e3o proporcionadas pela implementa\u00e7\u00e3o do Autonomous Database melhoraram a efici\u00eancia e a agilidade dos neg\u00f3cios, al\u00e9m de permitir uma gest\u00e3o de dados mais inteligente e preditiva. Como resultado, a Isapa foi capaz de otimizar sua infraestrutura e aumentar a competitividade no mercado.<\/p>\n<\/div>\n<\/div>\n<\/div>\n<div class=\"row\">\n<div class=\"500 col-md-10 col-md-push-1 effectJs-init effectJs-animate\" data-effectjs=\"fade\" data-effectjs-duration=\"500\">\n<ul>\n<li>\n<h3 class=\"titulo titulo_20 titulo_600 txt_cor-id-2 mg-bt_10\">Redu\u00e7\u00e3o de custos operacionais<\/h3>\n<p>A migra\u00e7\u00e3o para a Oracle Cloud permitiu \u00e0 Isapa reduzir seus custos com infraestrutura, sem comprometer a performance ou a seguran\u00e7a dos dados.<\/li>\n<li>\n<h3 class=\"titulo titulo_20 titulo_600 txt_cor-id-2 mg-bt_10\">Escalabilidade e flexibilidade<\/h3>\n<p>com a Oracle Cloud, a Isapa obteve uma plataforma que possibilita crescimento sem limita\u00e7\u00f5es, ajustando-se \u00e0s demandas de forma r\u00e1pida e eficiente.<\/li>\n<li>\n<h3 class=\"titulo titulo_20 titulo_600 txt_cor-id-2 mg-bt_10\">Efici\u00eancia e agilidade dos processos<\/h3>\n<p>ado\u00e7\u00e3o do Autonomous Database automatizando a gest\u00e3o de dados. Maior agilidade nas opera\u00e7\u00f5es permitindo decis\u00f5es mais r\u00e1pidas e assertivas. Otimiza\u00e7\u00e3o do uso dos recursos.<\/li>\n<li>\n<h3 class=\"titulo titulo_20 titulo_600 txt_cor-id-2 mg-bt_10\">Acesso ilimitado \u00e0s tecnologias mais recentes<\/h3>\n<p>Com a Oracle Cloud, acesso cont\u00ednuo \u00e0s inova\u00e7\u00f5es mais avan\u00e7adas, como intelig\u00eancia artificial e machine learning, mantendo-se sempre na vanguarda tecnol\u00f3gica.<\/li>\n<\/ul>\n<\/div>\n<\/div>\n<\/div>\n<\/div>\n","protected":false},"excerpt":{"rendered":"<p>Entregue servi\u00e7os mais \u00e1geis e personalizados na log\u00edstica O setor de log\u00edstica no Brasil est\u00e1 passando por uma transforma\u00e7\u00e3o impulsionada &hellip; <a href=\"https:\/\/octafy.com\/pt\/logistica\/\" class=\"more-link\" style=\"display:block;\">Veja mais <span class=\"screen-reader-text\">Log\u00edstica<\/span> <span class=\"meta-nav\">&rarr;<\/span><\/a><\/p>\n","protected":false},"author":1,"featured_media":0,"parent":0,"menu_order":1,"comment_status":"closed","ping_status":"closed","template":"page_segmentos_logistica.php","meta":{"_acf_changed":false,"footnotes":""},"class_list":["post-457","page","type-page","status-publish","hentry"],"acf":[],"yoast_head":"<!-- This site is optimized with the Yoast SEO plugin v27.4 - https:\/\/yoast.com\/product\/yoast-seo-wordpress\/ -->\n<title>Log\u00edstica | Octafy<\/title>\n<meta name=\"description\" content=\"Entregue servi\u00e7os mais \u00e1geis e personalizados na log\u00edstica.\" \/>\n<meta name=\"robots\" content=\"index, follow, max-snippet:-1, max-image-preview:large, max-video-preview:-1\" \/>\n<link rel=\"canonical\" href=\"https:\/\/octafy.com\/pt\/logistica\/\" \/>\n<meta property=\"og:locale\" content=\"pt_BR\" \/>\n<meta property=\"og:type\" content=\"article\" \/>\n<meta property=\"og:title\" content=\"Log\u00edstica | Octafy\" \/>\n<meta property=\"og:description\" content=\"Entregue servi\u00e7os mais \u00e1geis e personalizados na log\u00edstica.\" \/>\n<meta property=\"og:url\" content=\"https:\/\/octafy.com\/pt\/logistica\/\" \/>\n<meta property=\"og:site_name\" content=\"Octafy\" \/>\n<meta property=\"article:modified_time\" content=\"2025-06-30T15:51:16+00:00\" \/>\n<meta property=\"og:image\" content=\"https:\/\/octafy.com\/pt\/wp-content\/uploads\/2025\/02\/octafy_featured-image.png\" \/>\n\t<meta property=\"og:image:width\" content=\"1200\" \/>\n\t<meta property=\"og:image:height\" content=\"630\" \/>\n\t<meta property=\"og:image:type\" content=\"image\/png\" \/>\n<meta name=\"twitter:card\" content=\"summary_large_image\" \/>\n<meta name=\"twitter:label1\" content=\"Est. tempo de leitura\" \/>\n\t<meta name=\"twitter:data1\" content=\"3 minutos\" \/>\n<script type=\"application\/ld+json\" class=\"yoast-schema-graph\">{\"@context\":\"https:\\\/\\\/schema.org\",\"@graph\":[{\"@type\":\"WebPage\",\"@id\":\"https:\\\/\\\/octafy.com\\\/pt\\\/logistica\\\/\",\"url\":\"https:\\\/\\\/octafy.com\\\/pt\\\/logistica\\\/\",\"name\":\"Log\u00edstica | Octafy\",\"isPartOf\":{\"@id\":\"https:\\\/\\\/octafy.com\\\/pt\\\/#website\"},\"datePublished\":\"2025-02-03T12:47:48+00:00\",\"dateModified\":\"2025-06-30T15:51:16+00:00\",\"description\":\"Entregue servi\u00e7os mais \u00e1geis e personalizados na log\u00edstica.\",\"breadcrumb\":{\"@id\":\"https:\\\/\\\/octafy.com\\\/pt\\\/logistica\\\/#breadcrumb\"},\"inLanguage\":\"pt-BR\",\"potentialAction\":[{\"@type\":\"ReadAction\",\"target\":[\"https:\\\/\\\/octafy.com\\\/pt\\\/logistica\\\/\"]}]},{\"@type\":\"BreadcrumbList\",\"@id\":\"https:\\\/\\\/octafy.com\\\/pt\\\/logistica\\\/#breadcrumb\",\"itemListElement\":[{\"@type\":\"ListItem\",\"position\":1,\"name\":\"Home\",\"item\":\"https:\\\/\\\/octafy.com\\\/pt\\\/\"},{\"@type\":\"ListItem\",\"position\":2,\"name\":\"Log\u00edstica\"}]},{\"@type\":\"WebSite\",\"@id\":\"https:\\\/\\\/octafy.com\\\/pt\\\/#website\",\"url\":\"https:\\\/\\\/octafy.com\\\/pt\\\/\",\"name\":\"Octafy\",\"description\":\"\",\"publisher\":{\"@id\":\"https:\\\/\\\/octafy.com\\\/pt\\\/#organization\"},\"potentialAction\":[{\"@type\":\"SearchAction\",\"target\":{\"@type\":\"EntryPoint\",\"urlTemplate\":\"https:\\\/\\\/octafy.com\\\/pt\\\/?s={search_term_string}\"},\"query-input\":{\"@type\":\"PropertyValueSpecification\",\"valueRequired\":true,\"valueName\":\"search_term_string\"}}],\"inLanguage\":\"pt-BR\"},{\"@type\":\"Organization\",\"@id\":\"https:\\\/\\\/octafy.com\\\/pt\\\/#organization\",\"name\":\"Octafy\",\"url\":\"https:\\\/\\\/octafy.com\\\/pt\\\/\",\"logo\":{\"@type\":\"ImageObject\",\"inLanguage\":\"pt-BR\",\"@id\":\"https:\\\/\\\/octafy.com\\\/pt\\\/#\\\/schema\\\/logo\\\/image\\\/\",\"url\":\"https:\\\/\\\/octafy.com\\\/pt\\\/wp-content\\\/uploads\\\/2025\\\/02\\\/octafy_featured-image.png\",\"contentUrl\":\"https:\\\/\\\/octafy.com\\\/pt\\\/wp-content\\\/uploads\\\/2025\\\/02\\\/octafy_featured-image.png\",\"width\":1200,\"height\":630,\"caption\":\"Octafy\"},\"image\":{\"@id\":\"https:\\\/\\\/octafy.com\\\/pt\\\/#\\\/schema\\\/logo\\\/image\\\/\"}}]}<\/script>\n<!-- \/ Yoast SEO plugin. -->","yoast_head_json":{"title":"Log\u00edstica | Octafy","description":"Entregue servi\u00e7os mais \u00e1geis e personalizados na log\u00edstica.","robots":{"index":"index","follow":"follow","max-snippet":"max-snippet:-1","max-image-preview":"max-image-preview:large","max-video-preview":"max-video-preview:-1"},"canonical":"https:\/\/octafy.com\/pt\/logistica\/","og_locale":"pt_BR","og_type":"article","og_title":"Log\u00edstica | Octafy","og_description":"Entregue servi\u00e7os mais \u00e1geis e personalizados na log\u00edstica.","og_url":"https:\/\/octafy.com\/pt\/logistica\/","og_site_name":"Octafy","article_modified_time":"2025-06-30T15:51:16+00:00","og_image":[{"width":1200,"height":630,"url":"https:\/\/octafy.com\/pt\/wp-content\/uploads\/2025\/02\/octafy_featured-image.png","type":"image\/png"}],"twitter_card":"summary_large_image","twitter_misc":{"Est. tempo de leitura":"3 minutos"},"schema":{"@context":"https:\/\/schema.org","@graph":[{"@type":"WebPage","@id":"https:\/\/octafy.com\/pt\/logistica\/","url":"https:\/\/octafy.com\/pt\/logistica\/","name":"Log\u00edstica | Octafy","isPartOf":{"@id":"https:\/\/octafy.com\/pt\/#website"},"datePublished":"2025-02-03T12:47:48+00:00","dateModified":"2025-06-30T15:51:16+00:00","description":"Entregue servi\u00e7os mais \u00e1geis e personalizados na log\u00edstica.","breadcrumb":{"@id":"https:\/\/octafy.com\/pt\/logistica\/#breadcrumb"},"inLanguage":"pt-BR","potentialAction":[{"@type":"ReadAction","target":["https:\/\/octafy.com\/pt\/logistica\/"]}]},{"@type":"BreadcrumbList","@id":"https:\/\/octafy.com\/pt\/logistica\/#breadcrumb","itemListElement":[{"@type":"ListItem","position":1,"name":"Home","item":"https:\/\/octafy.com\/pt\/"},{"@type":"ListItem","position":2,"name":"Log\u00edstica"}]},{"@type":"WebSite","@id":"https:\/\/octafy.com\/pt\/#website","url":"https:\/\/octafy.com\/pt\/","name":"Octafy","description":"","publisher":{"@id":"https:\/\/octafy.com\/pt\/#organization"},"potentialAction":[{"@type":"SearchAction","target":{"@type":"EntryPoint","urlTemplate":"https:\/\/octafy.com\/pt\/?s={search_term_string}"},"query-input":{"@type":"PropertyValueSpecification","valueRequired":true,"valueName":"search_term_string"}}],"inLanguage":"pt-BR"},{"@type":"Organization","@id":"https:\/\/octafy.com\/pt\/#organization","name":"Octafy","url":"https:\/\/octafy.com\/pt\/","logo":{"@type":"ImageObject","inLanguage":"pt-BR","@id":"https:\/\/octafy.com\/pt\/#\/schema\/logo\/image\/","url":"https:\/\/octafy.com\/pt\/wp-content\/uploads\/2025\/02\/octafy_featured-image.png","contentUrl":"https:\/\/octafy.com\/pt\/wp-content\/uploads\/2025\/02\/octafy_featured-image.png","width":1200,"height":630,"caption":"Octafy"},"image":{"@id":"https:\/\/octafy.com\/pt\/#\/schema\/logo\/image\/"}}]}},"_links":{"self":[{"href":"https:\/\/octafy.com\/pt\/wp-json\/wp\/v2\/pages\/457","targetHints":{"allow":["GET"]}}],"collection":[{"href":"https:\/\/octafy.com\/pt\/wp-json\/wp\/v2\/pages"}],"about":[{"href":"https:\/\/octafy.com\/pt\/wp-json\/wp\/v2\/types\/page"}],"author":[{"embeddable":true,"href":"https:\/\/octafy.com\/pt\/wp-json\/wp\/v2\/users\/1"}],"replies":[{"embeddable":true,"href":"https:\/\/octafy.com\/pt\/wp-json\/wp\/v2\/comments?post=457"}],"version-history":[{"count":0,"href":"https:\/\/octafy.com\/pt\/wp-json\/wp\/v2\/pages\/457\/revisions"}],"wp:attachment":[{"href":"https:\/\/octafy.com\/pt\/wp-json\/wp\/v2\/media?parent=457"}],"curies":[{"name":"wp","href":"https:\/\/api.w.org\/{rel}","templated":true}]}}