{"id":459,"date":"2025-02-03T09:50:33","date_gmt":"2025-02-03T12:50:33","guid":{"rendered":"http:\/\/localhost\/_LYMP_WEB\/octafy\/?page_id=459"},"modified":"2025-06-30T12:47:05","modified_gmt":"2025-06-30T15:47:05","slug":"cooperativa","status":"publish","type":"page","link":"https:\/\/octafy.com\/pt\/cooperativa\/","title":{"rendered":"Cooperativa"},"content":{"rendered":"<div class=\"container-fluid ctn_full-always ctn_parallax ctn_apresentacao ctn_bg-img-over ctn_bg-img-over_small bg_cor-id-2_dark\">\n<div class=\"container ctn\">\n<div class=\"row\">\n<div class=\"500 col-md-7 effectJs-init effectJs-animate\" data-effectjs=\"fade\" data-effectjs-delay=\"500\" data-effectjs-duration=\"500\">\n<h1 class=\"titulo titulo_40 titulo_600 txt_cor-id-1 mg-bt_30\">Cooperativas mais eficientes com tecnologias inovadoras<\/h1>\n<h2 class=\"titulo_20 titulo_400 txt_branco\">Inova\u00e7\u00e3o para atender \u00e0s demandas dos cooperados, com foco na gest\u00e3o de dados, integra\u00e7\u00e3o de sistemas e sustentabilidade.<\/h2>\n<\/div>\n<\/div>\n<\/div>\n<\/div>\n<div class=\"container-fluid ctn_descritivo-1 bg_cor-id-2_dark\">\n<div class=\"container ctn_default\">\n<div class=\"row\">\n<div class=\"500 col-md-8 col-md-push-2 effectJs-init effectJs-animate\" data-effectjs=\"fade\" data-effectjs-duration=\"500\">\n<div>\n<div>\n<p>Cooperativas agr\u00edcolas, de sa\u00fade e cr\u00e9dito t\u00eam investido na transforma\u00e7\u00e3o digital, adotando tecnologias como IoT e intelig\u00eancia artificial. Isso impulsionou o crescimento sustent\u00e1vel do cooperativismo, melhorando o monitoramento de lavouras, a gest\u00e3o em tempo real e a automa\u00e7\u00e3o log\u00edstica, promovendo efici\u00eancia operacional e uma melhor experi\u00eancia para o produtor rural.<\/p>\n<\/div>\n<\/div>\n<\/div>\n<\/div>\n<\/div>\n<\/div>\n<div class=\"container-fluid ctn_case ctn_bg-img\">\n<div class=\"container ctn_default\">\n<div class=\"row\">\n<div class=\"500 col-md-10 col-md-push-1 effectJs-init effectJs-animate\" data-effectjs=\"fade\" data-effectjs-duration=\"500\">\n<h2 class=\"titulo titulo_40 titulo_700 txt_cor-id-2_dark text-center mg-bt_50\">Case de Sucesso<\/h2>\n<h3 class=\"box_destaque titulo_20 titulo_400 txt_branco text-center bg_cor-id-3 mg-bt_70\">Cotrijal\u00a0<b>utiliza intelig\u00eancia artificial da Octafy\u00a0para gest\u00e3o dos seus bancos de dados.<\/b><\/h3>\n<div class=\"col_2-1 mg-bt_70 reverse\">\n<div>\n<p>A Cotrijal \u00e9 uma das\u00a0<strong>maiores cooperativas agr\u00edcolas do Brasil<\/strong>, focada em fornecer solu\u00e7\u00f5es completas para o produtor rural. Oferece servi\u00e7os de comercializa\u00e7\u00e3o, armazenagem e log\u00edstica de produtos agr\u00edcolas, com foco em sustentabilidade e inova\u00e7\u00e3o. A Cotrijal tem sido um ponto de refer\u00eancia para agricultores que buscam competitividade e solu\u00e7\u00f5es tecnol\u00f3gicas avan\u00e7adas para suas opera\u00e7\u00f5es.<\/p>\n<\/div>\n<\/div>\n<\/div>\n<\/div>\n<div class=\"row\">\n<div class=\"500 col-md-10 col-md-push-1 effectJs-init effectJs-animate\" data-effectjs=\"fade\" data-effectjs-duration=\"500\">\n<div class=\"txt-default\">\n<h3>Desafios<\/h3>\n<p>A Cotrijal enfrentava desafios na\u00a0<strong>gest\u00e3o de seus bancos de dados<\/strong>, pois os dados s\u00e3o essenciais para o sucesso do neg\u00f3cio, e sua seguran\u00e7a e disponibilidade r\u00e1pidas s\u00e3o cruciais. O gerenciamento desses bancos era complexo e oneroso, e a cooperativa necessitava de alta disponibilidade, escalabilidade e seguran\u00e7a. No entanto, estrategicamente optou por n\u00e3o realizar a gest\u00e3o internamente, priorizando os recursos internos para atividades mais estrat\u00e9gicas e alinhadas aos seus objetivos de longo prazo.<\/p>\n<\/div>\n<\/div>\n<\/div>\n<p><b><\/b><\/div>\n<p><b><\/b><\/div>\n<div class=\"container-fluid ctn_destaque bg_cor-id-1\">\n<div class=\"container\">\n<div class=\"row\">\n<div class=\"500 col-md-8 col-md-push-2 effectJs-init effectJs-animate\" data-effectjs=\"fade\" data-effectjs-duration=\"500\">\n<h2 class=\"titulo titulo_25 titulo_700 txt_cor-id-2_dark text-center text-italic\">Cotrijal foca no neg\u00f3cio, enquanto a Octafy cuida dos bancos de dados com AI.<\/h2>\n<\/div>\n<\/div>\n<\/div>\n<\/div>\n<div class=\"container-fluid ctn_o-que ctn_cards-icons ctn_parallax bg_cor-id-2_dark\">\n<div class=\"container ctn_default\">\n<div class=\"row mg-bt_70\">\n<div class=\"500 col-md-10 col-md-push-1 effectJs-init effectJs-animate\" data-effectjs=\"fade\" data-effectjs-duration=\"500\">\n<h2 class=\"titulo titulo_40 titulo_700 txt_cor-id-3 text-center mg-bt_80\">O que entregamos<\/h2>\n<div class=\"mg-bt_20\"><\/div>\n<div class=\"txt-default txt_branco\">\n<p>Realizamos a gest\u00e3o completa dos bancos de dados para garantir a disponibilidade, desempenho e seguran\u00e7a dos dados da cooperativa. Nosso servi\u00e7o inclui ferramentas avan\u00e7adas, como\u00a0<strong>monitora\u00e7\u00e3o 24\u00d77 e CMDB, processos bem definidos, e atendimento \u00e1gil de tickets<\/strong>. Al\u00e9m disso, utilizamos o Ocean AI, que contribui para a tomada de decis\u00f5es r\u00e1pidas e baseadas em dados, melhorando a efici\u00eancia operacional.<\/p>\n<\/div>\n<\/div>\n<\/div>\n<div class=\"row\">\n<div class=\"500 col-md-12 effectJs-init effectJs-animate\" data-effectjs=\"fade\" data-effectjs-duration=\"500\">\n<ul>\n<li>\n<h3 class=\"titulo titulo_20 titulo_600 txt_cor-id-2 mg-bt_10\">Intelig\u00eancia Coletiva<\/h3>\n<p>Em vez de depender da experi\u00eancia de uma \u00fanica pessoa, nossa equipe trabalha a seu favor, garantindo mais precis\u00e3o e efici\u00eancia.<\/li>\n<li>\n<h3 class=\"titulo titulo_20 titulo_600 txt_cor-id-2 mg-bt_10\">Ocean AI<\/h3>\n<p>A intelig\u00eancia artificial da Octafy a servi\u00e7o da Cooperativa.<\/li>\n<li>\n<h3 class=\"titulo titulo_20 titulo_600 txt_cor-id-2 mg-bt_10\">Oracle<\/h3>\n<p>Administra\u00e7\u00e3o de Oracle database (Oracle on Purestorage)<\/li>\n<li>\n<h3 class=\"titulo titulo_20 titulo_600 txt_cor-id-2 mg-bt_10\">Gest\u00e3o proativa e monitoramento 24&#215;7<\/h3>\n<p>Implanta\u00e7\u00e3o, suporte especializado e intelig\u00eancia artificial com o Ocean AI.<\/li>\n<li>\n<h3 class=\"titulo titulo_20 titulo_600 txt_cor-id-2 mg-bt_10\">Monitoramento e gest\u00e3o de incidentes<\/h3>\n<p>Recupera\u00e7\u00e3o de desastres e auditorias regulares de seguran\u00e7a.<\/li>\n<\/ul>\n<\/div>\n<\/div>\n<\/div>\n<div class=\"parallax__container\">\n<div class=\"parallax\" data-parallax-image=\"https:\/\/octafy.com\/pt\/wp-content\/themes\/octafytheme\/images\/octafy_segmentos_cooperativa_o-que_bg.png\"><\/div>\n<\/div>\n<\/div>\n<div class=\"container-fluid ctn_resultados ctn_cards-icons bg_branco\">\n<div class=\"container ctn_default\">\n<div class=\"row mg-bt_70\">\n<div class=\"500 col-md-10 col-md-push-1 effectJs-init effectJs-animate\" data-effectjs=\"fade\" data-effectjs-duration=\"500\">\n<h2 class=\"titulo titulo_40 titulo_700 txt_cor-id-2_dark text-center\">Resultados<\/h2>\n<\/div>\n<\/div>\n<div class=\"row\">\n<div class=\"500 col-md-12 effectJs-init effectJs-animate\" data-effectjs=\"fade\" data-effectjs-duration=\"500\">\n<ul>\n<li>\n<h3 class=\"titulo titulo_20 titulo_600 txt_cor-id-2 mg-bt_10\">Economia<\/h3>\n<p>Oferecemos toda a solu\u00e7\u00e3o por uma fra\u00e7\u00e3o do custo de um \u00fanico profissional interno.<\/li>\n<li>\n<h3 class=\"titulo titulo_20 titulo_600 txt_cor-id-2 mg-bt_10\">Redu\u00e7\u00e3o de erros humanos<\/h3>\n<p>Com o Ocean AI, minimizamos a depend\u00eancia de decis\u00f5es manuais, reduzindo falhas operacionais e aumentando a consist\u00eancia nos servi\u00e7os.<\/li>\n<li>\n<h3 class=\"titulo titulo_20 titulo_600 txt_cor-id-2 mg-bt_10\">Tomada de decis\u00e3o baseada em dados<\/h3>\n<p>O Ocean AI fornece recomenda\u00e7\u00f5es baseadas em dados, tornando as decis\u00f5es mais eficientes e acelerando a resolu\u00e7\u00e3o de problemas.<\/li>\n<li>\n<h3 class=\"titulo titulo_20 titulo_600 txt_cor-id-2 mg-bt_10\">Escalabilidade<\/h3>\n<p>Permite escalar opera\u00e7\u00f5es sem depender de conhecimento pr\u00e9vio, garantindo acesso imediato a insights cruciais.<\/li>\n<li>\n<h3 class=\"titulo titulo_20 titulo_600 txt_cor-id-2 mg-bt_10\">Transforma\u00e7\u00e3o do conhecimento em um ativo<\/h3>\n<p>O conhecimento gerado pela ferramenta se torna um ativo centralizado e acess\u00edvel para a organiza\u00e7\u00e3o.<\/li>\n<\/ul>\n<\/div>\n<\/div>\n<div class=\"row\">\n<div class=\"500 col-md-10 col-md-push-1 effectJs-init effectJs-animate\" data-effectjs=\"fade\" data-effectjs-duration=\"500\">\n<div class=\"box_destaque bg_cor-id-2_lightest txt-default mg-bt_70\">\n<p>Ap\u00f3s a implementa\u00e7\u00e3o dos servi\u00e7os gerenciados e a integra\u00e7\u00e3o do Ocean AI, a Cotrijal conseguiu\u00a0<strong>otimizar a gest\u00e3o de seus bancos de dados com alta disponibilidade e seguran\u00e7a<\/strong>. O uso da Intelig\u00eancia Coletiva proporcionou uma equipe especializada, reduzindo a depend\u00eancia de decis\u00f5es manuais e minimizando erros operacionais. A escalabilidade e a\u00a0<span class=\"txt_bg_cor-id-3\">economia de recursos<\/span>\u00a0foram alcan\u00e7ados, permitindo que a cooperativa escalasse opera\u00e7\u00f5es sem precisar de um time interno dedicado. Al\u00e9m disso, a transforma\u00e7\u00e3o do conhecimento gerado pela ferramenta em um ativo centralizado e acess\u00edvel trouxe um valor duradouro para a organiza\u00e7\u00e3o.<\/p>\n<\/div>\n<\/div>\n<\/div>\n<\/div>\n<\/div>\n","protected":false},"excerpt":{"rendered":"<p>Cooperativas mais eficientes com tecnologias inovadoras Inova\u00e7\u00e3o para atender \u00e0s demandas dos cooperados, com foco na gest\u00e3o de dados, integra\u00e7\u00e3o &hellip; <a href=\"https:\/\/octafy.com\/pt\/cooperativa\/\" class=\"more-link\" style=\"display:block;\">Veja mais <span class=\"screen-reader-text\">Cooperativa<\/span> <span class=\"meta-nav\">&rarr;<\/span><\/a><\/p>\n","protected":false},"author":1,"featured_media":0,"parent":0,"menu_order":1,"comment_status":"closed","ping_status":"closed","template":"page_segmentos_cooperativa.php","meta":{"_acf_changed":false,"footnotes":""},"class_list":["post-459","page","type-page","status-publish","hentry"],"acf":[],"yoast_head":"<!-- This site is optimized with the Yoast SEO plugin v27.4 - https:\/\/yoast.com\/product\/yoast-seo-wordpress\/ -->\n<title>Cooperativa | Octafy<\/title>\n<meta name=\"description\" content=\"Inova\u00e7\u00e3o para atender \u00e0s demandas dos cooperados, com foco na gest\u00e3o de dados, integra\u00e7\u00e3o de sistemas e sustentabilidade.\" \/>\n<meta name=\"robots\" content=\"index, follow, max-snippet:-1, max-image-preview:large, max-video-preview:-1\" \/>\n<link rel=\"canonical\" href=\"https:\/\/octafy.com\/pt\/cooperativa\/\" \/>\n<meta property=\"og:locale\" content=\"pt_BR\" \/>\n<meta property=\"og:type\" content=\"article\" \/>\n<meta property=\"og:title\" content=\"Cooperativa | Octafy\" \/>\n<meta property=\"og:description\" content=\"Inova\u00e7\u00e3o para atender \u00e0s demandas dos cooperados, com foco na gest\u00e3o de dados, integra\u00e7\u00e3o de sistemas e sustentabilidade.\" \/>\n<meta property=\"og:url\" content=\"https:\/\/octafy.com\/pt\/cooperativa\/\" \/>\n<meta property=\"og:site_name\" content=\"Octafy\" \/>\n<meta property=\"article:modified_time\" content=\"2025-06-30T15:47:05+00:00\" \/>\n<meta property=\"og:image\" content=\"https:\/\/octafy.com\/pt\/wp-content\/uploads\/2025\/02\/octafy_featured-image.png\" \/>\n\t<meta property=\"og:image:width\" content=\"1200\" \/>\n\t<meta property=\"og:image:height\" content=\"630\" \/>\n\t<meta property=\"og:image:type\" content=\"image\/png\" \/>\n<meta name=\"twitter:card\" content=\"summary_large_image\" \/>\n<meta name=\"twitter:label1\" content=\"Est. tempo de leitura\" \/>\n\t<meta name=\"twitter:data1\" content=\"3 minutos\" \/>\n<script type=\"application\/ld+json\" class=\"yoast-schema-graph\">{\"@context\":\"https:\\\/\\\/schema.org\",\"@graph\":[{\"@type\":\"WebPage\",\"@id\":\"https:\\\/\\\/octafy.com\\\/pt\\\/cooperativa\\\/\",\"url\":\"https:\\\/\\\/octafy.com\\\/pt\\\/cooperativa\\\/\",\"name\":\"Cooperativa | Octafy\",\"isPartOf\":{\"@id\":\"https:\\\/\\\/octafy.com\\\/pt\\\/#website\"},\"datePublished\":\"2025-02-03T12:50:33+00:00\",\"dateModified\":\"2025-06-30T15:47:05+00:00\",\"description\":\"Inova\u00e7\u00e3o para atender \u00e0s demandas dos cooperados, com foco na gest\u00e3o de dados, integra\u00e7\u00e3o de sistemas e sustentabilidade.\",\"breadcrumb\":{\"@id\":\"https:\\\/\\\/octafy.com\\\/pt\\\/cooperativa\\\/#breadcrumb\"},\"inLanguage\":\"pt-BR\",\"potentialAction\":[{\"@type\":\"ReadAction\",\"target\":[\"https:\\\/\\\/octafy.com\\\/pt\\\/cooperativa\\\/\"]}]},{\"@type\":\"BreadcrumbList\",\"@id\":\"https:\\\/\\\/octafy.com\\\/pt\\\/cooperativa\\\/#breadcrumb\",\"itemListElement\":[{\"@type\":\"ListItem\",\"position\":1,\"name\":\"Home\",\"item\":\"https:\\\/\\\/octafy.com\\\/pt\\\/\"},{\"@type\":\"ListItem\",\"position\":2,\"name\":\"Cooperativa\"}]},{\"@type\":\"WebSite\",\"@id\":\"https:\\\/\\\/octafy.com\\\/pt\\\/#website\",\"url\":\"https:\\\/\\\/octafy.com\\\/pt\\\/\",\"name\":\"Octafy\",\"description\":\"\",\"publisher\":{\"@id\":\"https:\\\/\\\/octafy.com\\\/pt\\\/#organization\"},\"potentialAction\":[{\"@type\":\"SearchAction\",\"target\":{\"@type\":\"EntryPoint\",\"urlTemplate\":\"https:\\\/\\\/octafy.com\\\/pt\\\/?s={search_term_string}\"},\"query-input\":{\"@type\":\"PropertyValueSpecification\",\"valueRequired\":true,\"valueName\":\"search_term_string\"}}],\"inLanguage\":\"pt-BR\"},{\"@type\":\"Organization\",\"@id\":\"https:\\\/\\\/octafy.com\\\/pt\\\/#organization\",\"name\":\"Octafy\",\"url\":\"https:\\\/\\\/octafy.com\\\/pt\\\/\",\"logo\":{\"@type\":\"ImageObject\",\"inLanguage\":\"pt-BR\",\"@id\":\"https:\\\/\\\/octafy.com\\\/pt\\\/#\\\/schema\\\/logo\\\/image\\\/\",\"url\":\"https:\\\/\\\/octafy.com\\\/pt\\\/wp-content\\\/uploads\\\/2025\\\/02\\\/octafy_featured-image.png\",\"contentUrl\":\"https:\\\/\\\/octafy.com\\\/pt\\\/wp-content\\\/uploads\\\/2025\\\/02\\\/octafy_featured-image.png\",\"width\":1200,\"height\":630,\"caption\":\"Octafy\"},\"image\":{\"@id\":\"https:\\\/\\\/octafy.com\\\/pt\\\/#\\\/schema\\\/logo\\\/image\\\/\"}}]}<\/script>\n<!-- \/ Yoast SEO plugin. -->","yoast_head_json":{"title":"Cooperativa | Octafy","description":"Inova\u00e7\u00e3o para atender \u00e0s demandas dos cooperados, com foco na gest\u00e3o de dados, integra\u00e7\u00e3o de sistemas e sustentabilidade.","robots":{"index":"index","follow":"follow","max-snippet":"max-snippet:-1","max-image-preview":"max-image-preview:large","max-video-preview":"max-video-preview:-1"},"canonical":"https:\/\/octafy.com\/pt\/cooperativa\/","og_locale":"pt_BR","og_type":"article","og_title":"Cooperativa | Octafy","og_description":"Inova\u00e7\u00e3o para atender \u00e0s demandas dos cooperados, com foco na gest\u00e3o de dados, integra\u00e7\u00e3o de sistemas e sustentabilidade.","og_url":"https:\/\/octafy.com\/pt\/cooperativa\/","og_site_name":"Octafy","article_modified_time":"2025-06-30T15:47:05+00:00","og_image":[{"width":1200,"height":630,"url":"https:\/\/octafy.com\/pt\/wp-content\/uploads\/2025\/02\/octafy_featured-image.png","type":"image\/png"}],"twitter_card":"summary_large_image","twitter_misc":{"Est. tempo de leitura":"3 minutos"},"schema":{"@context":"https:\/\/schema.org","@graph":[{"@type":"WebPage","@id":"https:\/\/octafy.com\/pt\/cooperativa\/","url":"https:\/\/octafy.com\/pt\/cooperativa\/","name":"Cooperativa | Octafy","isPartOf":{"@id":"https:\/\/octafy.com\/pt\/#website"},"datePublished":"2025-02-03T12:50:33+00:00","dateModified":"2025-06-30T15:47:05+00:00","description":"Inova\u00e7\u00e3o para atender \u00e0s demandas dos cooperados, com foco na gest\u00e3o de dados, integra\u00e7\u00e3o de sistemas e sustentabilidade.","breadcrumb":{"@id":"https:\/\/octafy.com\/pt\/cooperativa\/#breadcrumb"},"inLanguage":"pt-BR","potentialAction":[{"@type":"ReadAction","target":["https:\/\/octafy.com\/pt\/cooperativa\/"]}]},{"@type":"BreadcrumbList","@id":"https:\/\/octafy.com\/pt\/cooperativa\/#breadcrumb","itemListElement":[{"@type":"ListItem","position":1,"name":"Home","item":"https:\/\/octafy.com\/pt\/"},{"@type":"ListItem","position":2,"name":"Cooperativa"}]},{"@type":"WebSite","@id":"https:\/\/octafy.com\/pt\/#website","url":"https:\/\/octafy.com\/pt\/","name":"Octafy","description":"","publisher":{"@id":"https:\/\/octafy.com\/pt\/#organization"},"potentialAction":[{"@type":"SearchAction","target":{"@type":"EntryPoint","urlTemplate":"https:\/\/octafy.com\/pt\/?s={search_term_string}"},"query-input":{"@type":"PropertyValueSpecification","valueRequired":true,"valueName":"search_term_string"}}],"inLanguage":"pt-BR"},{"@type":"Organization","@id":"https:\/\/octafy.com\/pt\/#organization","name":"Octafy","url":"https:\/\/octafy.com\/pt\/","logo":{"@type":"ImageObject","inLanguage":"pt-BR","@id":"https:\/\/octafy.com\/pt\/#\/schema\/logo\/image\/","url":"https:\/\/octafy.com\/pt\/wp-content\/uploads\/2025\/02\/octafy_featured-image.png","contentUrl":"https:\/\/octafy.com\/pt\/wp-content\/uploads\/2025\/02\/octafy_featured-image.png","width":1200,"height":630,"caption":"Octafy"},"image":{"@id":"https:\/\/octafy.com\/pt\/#\/schema\/logo\/image\/"}}]}},"_links":{"self":[{"href":"https:\/\/octafy.com\/pt\/wp-json\/wp\/v2\/pages\/459","targetHints":{"allow":["GET"]}}],"collection":[{"href":"https:\/\/octafy.com\/pt\/wp-json\/wp\/v2\/pages"}],"about":[{"href":"https:\/\/octafy.com\/pt\/wp-json\/wp\/v2\/types\/page"}],"author":[{"embeddable":true,"href":"https:\/\/octafy.com\/pt\/wp-json\/wp\/v2\/users\/1"}],"replies":[{"embeddable":true,"href":"https:\/\/octafy.com\/pt\/wp-json\/wp\/v2\/comments?post=459"}],"version-history":[{"count":0,"href":"https:\/\/octafy.com\/pt\/wp-json\/wp\/v2\/pages\/459\/revisions"}],"wp:attachment":[{"href":"https:\/\/octafy.com\/pt\/wp-json\/wp\/v2\/media?parent=459"}],"curies":[{"name":"wp","href":"https:\/\/api.w.org\/{rel}","templated":true}]}}