{"id":463,"date":"2025-02-03T09:50:12","date_gmt":"2025-02-03T12:50:12","guid":{"rendered":"http:\/\/localhost\/_LYMP_WEB\/octafy\/?page_id=463"},"modified":"2025-06-30T12:50:01","modified_gmt":"2025-06-30T15:50:01","slug":"industria","status":"publish","type":"page","link":"https:\/\/octafy.com\/pt\/industria\/","title":{"rendered":"Ind\u00fastria"},"content":{"rendered":"<div class=\"container-fluid ctn_full-always ctn_parallax ctn_apresentacao ctn_bg-img-over ctn_bg-img-over_small bg_cor-id-2_dark\">\n<div class=\"container ctn\">\n<div class=\"row\">\n<div class=\"500 col-md-7 effectJs-init effectJs-animate\" data-effectjs=\"fade\" data-effectjs-delay=\"500\" data-effectjs-duration=\"500\">\n<h1 class=\"titulo titulo_40 titulo_600 txt_cor-id-1 mg-bt_30\">Potencialize a ind\u00fastria com tecnologia inovadora e intelig\u00eancia coletiva.<\/h1>\n<h2 class=\"titulo titulo_25 titulo_600 txt_branco\">Sua TI\u00a0<span class=\"txt_bg_cor-id-3\">preparada<\/span>\u00a0para o\u00a0<b>futuro<\/b>.<\/h2>\n<\/div>\n<\/div>\n<\/div>\n<div class=\"parallax__container\">\n<div class=\"parallax\" data-parallax-image=\"https:\/\/octafy.com\/pt\/wp-content\/uploads\/2025\/02\/octafy_segmentos_industria_apresentacao_bg.jpg\"><\/div>\n<\/div>\n<\/div>\n<div class=\"container-fluid ctn_descritivo-1 bg_cor-id-2_dark\">\n<div class=\"container ctn_default\">\n<div class=\"row\">\n<div class=\"500 col-md-8 col-md-push-2 effectJs-init effectJs-animate\" data-effectjs=\"fade\" data-effectjs-duration=\"500\">\n<div>\n<div class=\"txt-default txt_branco\">\n<p>A automa\u00e7\u00e3o est\u00e1 impulsionando a transforma\u00e7\u00e3o dos neg\u00f3cios com tecnologias como\u00a0<strong>Intelig\u00eancia Artificial<\/strong>, IoT, computa\u00e7\u00e3o em nuvem e solu\u00e7\u00f5es sustent\u00e1veis, proporcionando flexibilidade e otimiza\u00e7\u00e3o de recursos. Esta integra\u00e7\u00e3o de tecnologias permite uma an\u00e1lise de dados mais precisa e melhora de processos, como\u00a0<strong>monitoramento em tempo real<\/strong>. Automa\u00e7\u00e3o em \u00e1reas com sistemas cr\u00edticos como Automa\u00e7\u00e3o Banc\u00e1ria, Pagamentos e Autoatendimento, Estacionamento e Ped\u00e1gio, e Transporte Urbano abre novas oportunidades para inova\u00e7\u00e3o e efici\u00eancia operacional.<\/p>\n<\/div>\n<\/div>\n<\/div>\n<\/div>\n<\/div>\n<\/div>\n<div class=\"container-fluid ctn_case ctn_bg-img ctn_bg-line-top ctn_bg-waves-big\">\n<div class=\"container ctn_default\">\n<div class=\"row\">\n<div class=\"500 col-md-10 col-md-push-1 effectJs-init effectJs-animate\" data-effectjs=\"fade\" data-effectjs-duration=\"500\">\n<h2 class=\"titulo titulo_40 titulo_700 txt_cor-id-2_dark text-center mg-bt_50\">Case de Sucesso<\/h2>\n<h3 class=\"box_destaque titulo_20 titulo_400 txt_branco text-center bg_cor-id-3 mg-bt_70\">A Perto\u00a0<b>descomplica<\/b>\u00a0a escassez de talentos com nosso\u00a0<b>outsourcing especializado!<\/b><\/h3>\n<div class=\"col_2-1 mg-bt_70 reverse\">\n<div>\n<p>Fundada em 1988 a Perto \u00e9 refer\u00eancia no\u00a0<strong>desenvolvimento de solu\u00e7\u00f5es de automa\u00e7\u00e3o<\/strong>\u00a0para diversos setores, como estacionamento, transporte, e servi\u00e7os banc\u00e1rios. Com uma ampla experi\u00eancia no mercado, a empresa se destaca pela inova\u00e7\u00e3o em seus produtos e servi\u00e7os, proporcionando\u00a0<strong>efici\u00eancia, seguran\u00e7a e praticidade<\/strong>\u00a0em suas<strong>\u00a0solu\u00e7\u00f5es tecnol\u00f3gicas<\/strong>. A Perto tem como foco otimizar processos operacionais e garantir uma experi\u00eancia aprimorada para os clientes e usu\u00e1rios.<\/p>\n<\/div>\n<\/div>\n<div class=\"txt-default\">\n<h3>Desafios<\/h3>\n<p>Devido ao seu vasto portf\u00f3lio de solu\u00e7\u00f5es, a Perto enfrentava o desafio de\u00a0<strong>criar e manter essas solu\u00e7\u00f5es<\/strong>, especialmente diante da crescente demanda do mercado. A limita\u00e7\u00e3o cr\u00edtica era a disponibilidade de capital humano na \u00e1rea de desenvolvimento de software, que \u00e9 globalmente escasso. Al\u00e9m disso, a empresa precisava\u00a0<strong>otimizar processos de desenvolvimento, assegurar a seguran\u00e7a e confiabilidade dos sistemas<\/strong>, e adotar novas tecnologias para se manter competitiva em um cen\u00e1rio de evolu\u00e7\u00e3o constante.<\/p>\n<\/div>\n<\/div>\n<\/div>\n<\/div>\n<\/div>\n<div class=\"container-fluid ctn_destaque bg_branco\">\n<div class=\"container\">\n<div class=\"row\">\n<div class=\"500 col-md-8 col-md-push-2 effectJs-init effectJs-animate\" data-effectjs=\"fade\" data-effectjs-duration=\"500\">\n<h2 class=\"titulo titulo_25 titulo_400 txt_cor-id-2_dark text-center\">Escassez de talentos?\u00a0<b class=\"txt_cor-id-3\">OUTSOURCING<\/b>\u00a0\u00e9 a solu\u00e7\u00e3o!<\/h2>\n<\/div>\n<\/div>\n<\/div>\n<\/div>\n<div class=\"container-fluid ctn_o-que\">\n<div class=\"container ctn_default\">\n<div class=\"row\">\n<div class=\"500 col-md-10 col-md-push-1 effectJs-init effectJs-animate\" data-effectjs=\"fade\" data-effectjs-duration=\"500\">\n<h2 class=\"titulo titulo_40 titulo_700 txt_branco text-center mg-bt_50\">O que entregamos<\/h2>\n<div class=\"txt-default txt_branco\">\n<p>Oferecemos\u00a0<strong>solu\u00e7\u00f5es de outsourcing sob demanda<\/strong>, fornecendo\u00a0<strong>equipes dedicadas e profissionais especializados<\/strong>\u00a0para atender \u00e0s necessidades da Perto. Nossos profissionais se integram diretamente ao time da empresa, com foco nos projetos mais cr\u00edticos e garantindo entregas cont\u00ednuas e de alta qualidade. Com expertise em diversas \u00e1reas, nossa abordagem proporciona\u00a0<strong>flexibilidade<\/strong>, otimiza\u00e7\u00e3o de recursos e rapidez na implementa\u00e7\u00e3o de novas solu\u00e7\u00f5es.\u00a0<strong>A Perto conta com uma equipe dedicada \u00e0 inova\u00e7\u00e3o, seguran\u00e7a e excel\u00eancia operacional, sem os custos fixos de um time interno.<\/strong><\/p>\n<\/div>\n<\/div>\n<\/div>\n<\/div>\n<\/div>\n<div class=\"container-fluid ctn_o-que_topicos ctn_cards-icons\">\n<div class=\"container ctn_default\">\n<div class=\"row\">\n<div class=\"500 col-md-12 effectJs-init effectJs-animate\" data-effectjs=\"fade\" data-effectjs-duration=\"500\">\n<ul>\n<li>\n<h3 class=\"titulo titulo_20 titulo_600 txt_cor-id-2 mg-bt_10\">Profissionais sob demanda<\/h3>\n<p>Oferecemos acesso a especialistas em diferentes \u00e1reas, alinhados com as necessidades do cliente.<\/li>\n<li>\n<h3 class=\"titulo titulo_20 titulo_600 txt_cor-id-2 mg-bt_10\">Equipes dedicadas<\/h3>\n<p>Nossos profissionais se integram ao time da Perto, trabalhando diretamente nos projetos cr\u00edticos e estrat\u00e9gicos.<\/li>\n<li>\n<h3 class=\"titulo titulo_20 titulo_600 txt_cor-id-2 mg-bt_10\">Entregas cont\u00ednuas<\/h3>\n<p>Garantimos a execu\u00e7\u00e3o de projetos com entregas regulares e de alta qualidade, atendendo \u00e0s demandas constantes de inova\u00e7\u00e3o e evolu\u00e7\u00e3o.<\/li>\n<li>\n<h3 class=\"titulo titulo_20 titulo_600 txt_cor-id-2 mg-bt_10\">Flexibilidade e escalabilidade<\/h3>\n<p>Facilitamos a adapta\u00e7\u00e3o da equipe conforme o crescimento da empresa e novas necessidades do mercado.<\/li>\n<li>\n<h3 class=\"titulo titulo_20 titulo_600 txt_cor-id-2 mg-bt_10\">Expertise em solu\u00e7\u00f5es cr\u00edticas<\/h3>\n<p>Ajudamos na implementa\u00e7\u00e3o e manuten\u00e7\u00e3o de sistemas essenciais para a opera\u00e7\u00e3o da Perto, com foco em seguran\u00e7a e confiabilidade.<\/li>\n<\/ul>\n<\/div>\n<\/div>\n<\/div>\n<\/div>\n<div class=\"container-fluid ctn_resultados ctn_slider-cards ctn_bg-img bg_branco\">\n<div class=\"container ctn_default\">\n<div class=\"row\">\n<div class=\"500 col-md-12 effectJs-init effectJs-animate\" data-effectjs=\"fade\" data-effectjs-duration=\"500\">\n<h2 class=\"titulo titulo_40 titulo_700 txt_branco text-center mg-bt_40\">Resultados<\/h2>\n<div class=\"jd-slider jd-slider_industria-resultados slider--none\">\n<div class=\"slide-inner\">\n<ul class=\"slide-area\" data-hover=\"false\">\n<li>\n<h3 class=\"titulo titulo_20 titulo_600 txt_branco mg-bt_10\">Entrega cont\u00ednua de profissionais especializados<\/h3>\n<p class=\"txt_branco\">A Octafy forneceu recursos t\u00e9cnicos sob demanda, atendendo \u00e0s necessidades da Perto com rapidez e efici\u00eancia.<\/p>\n<\/li>\n<li>\n<h3 class=\"titulo titulo_20 titulo_600 txt_branco mg-bt_10\">Equipes dedicadas no cliente<\/h3>\n<p class=\"txt_branco\">Profissionais dedicados foram alocados diretamente nas opera\u00e7\u00f5es da Perto, garantindo foco e solu\u00e7\u00f5es alinhadas \u00e0s necessidades da empresa.<\/p>\n<\/li>\n<li>\n<h3 class=\"titulo titulo_20 titulo_600 txt_branco mg-bt_10\">Aumento de produtividade e inova\u00e7\u00e3o<\/h3>\n<p class=\"txt_branco\">A parceria resultou em otimiza\u00e7\u00e3o de processos e melhorias cont\u00ednuas nos sistemas cr\u00edticos, sem comprometer a inova\u00e7\u00e3o.<\/p>\n<\/li>\n<li>\n<h3 class=\"titulo titulo_20 titulo_600 txt_branco mg-bt_10\">Supera\u00e7\u00e3o da escassez de talentos<\/h3>\n<p class=\"txt_branco\">Com a escassez de recursos t\u00e9cnicos, a Octafy garantiu a presen\u00e7a de equipes qualificadas para suprir a demanda crescente da Perto.<\/p>\n<\/li>\n<\/ul>\n<\/div>\n<\/div>\n<\/div>\n<\/div>\n<\/div>\n<div class=\"bg-img\">A parceria entre a <strong>Perto e a Octafy gerou resultados concretos<\/strong>, com o fornecimento cont\u00ednuo de profissionais altamente capacitados para atender \u00e0s necessidades de desenvolvimento e manuten\u00e7\u00e3o da Perto. Ao garantir a disponibilidade de equipes dedicadas, a\u00a0<strong>Octafy ajuda a Perto a atender \u00e0 crescente demanda do mercado sem perder oportunidades<\/strong>\u00a0devido \u00e0 escassez de recursos. A colabora\u00e7\u00e3o possibilitou entregas constantes em sistemas cr\u00edticos, mantendo a seguran\u00e7a, confiabilidade e inova\u00e7\u00e3o nos processos da empresa, al\u00e9m de otimizar os fluxos de trabalho e a produtividade.<\/div>\n<\/div>\n","protected":false},"excerpt":{"rendered":"<p>Potencialize a ind\u00fastria com tecnologia inovadora e intelig\u00eancia coletiva. Sua TI\u00a0preparada\u00a0para o\u00a0futuro. A automa\u00e7\u00e3o est\u00e1 impulsionando a transforma\u00e7\u00e3o dos neg\u00f3cios &hellip; <a href=\"https:\/\/octafy.com\/pt\/industria\/\" class=\"more-link\" style=\"display:block;\">Veja mais <span class=\"screen-reader-text\">Ind\u00fastria<\/span> <span class=\"meta-nav\">&rarr;<\/span><\/a><\/p>\n","protected":false},"author":1,"featured_media":0,"parent":0,"menu_order":1,"comment_status":"closed","ping_status":"closed","template":"page_segmentos_industria.php","meta":{"_acf_changed":false,"footnotes":""},"class_list":["post-463","page","type-page","status-publish","hentry"],"acf":[],"yoast_head":"<!-- This site is optimized with the Yoast SEO plugin v27.4 - https:\/\/yoast.com\/product\/yoast-seo-wordpress\/ -->\n<title>Ind\u00fastria | Octafy<\/title>\n<meta name=\"description\" content=\"Potencialize a ind\u00fastria com tecnologia inovadora e intelig\u00eancia coletiva.\" \/>\n<meta name=\"robots\" content=\"index, follow, max-snippet:-1, max-image-preview:large, max-video-preview:-1\" \/>\n<link rel=\"canonical\" href=\"https:\/\/octafy.com\/pt\/industria\/\" \/>\n<meta property=\"og:locale\" content=\"pt_BR\" \/>\n<meta property=\"og:type\" content=\"article\" \/>\n<meta property=\"og:title\" content=\"Ind\u00fastria | Octafy\" \/>\n<meta property=\"og:description\" content=\"Potencialize a ind\u00fastria com tecnologia inovadora e intelig\u00eancia coletiva.\" \/>\n<meta property=\"og:url\" content=\"https:\/\/octafy.com\/pt\/industria\/\" \/>\n<meta property=\"og:site_name\" content=\"Octafy\" \/>\n<meta property=\"article:modified_time\" content=\"2025-06-30T15:50:01+00:00\" \/>\n<meta property=\"og:image\" content=\"https:\/\/octafy.com\/pt\/wp-content\/uploads\/2025\/02\/octafy_featured-image.png\" \/>\n\t<meta property=\"og:image:width\" content=\"1200\" \/>\n\t<meta property=\"og:image:height\" content=\"630\" \/>\n\t<meta property=\"og:image:type\" content=\"image\/png\" \/>\n<meta name=\"twitter:card\" content=\"summary_large_image\" \/>\n<meta name=\"twitter:label1\" content=\"Est. tempo de leitura\" \/>\n\t<meta name=\"twitter:data1\" content=\"3 minutos\" \/>\n<script type=\"application\/ld+json\" class=\"yoast-schema-graph\">{\"@context\":\"https:\\\/\\\/schema.org\",\"@graph\":[{\"@type\":\"WebPage\",\"@id\":\"https:\\\/\\\/octafy.com\\\/pt\\\/industria\\\/\",\"url\":\"https:\\\/\\\/octafy.com\\\/pt\\\/industria\\\/\",\"name\":\"Ind\u00fastria | Octafy\",\"isPartOf\":{\"@id\":\"https:\\\/\\\/octafy.com\\\/pt\\\/#website\"},\"datePublished\":\"2025-02-03T12:50:12+00:00\",\"dateModified\":\"2025-06-30T15:50:01+00:00\",\"description\":\"Potencialize a ind\u00fastria com tecnologia inovadora e intelig\u00eancia coletiva.\",\"breadcrumb\":{\"@id\":\"https:\\\/\\\/octafy.com\\\/pt\\\/industria\\\/#breadcrumb\"},\"inLanguage\":\"pt-BR\",\"potentialAction\":[{\"@type\":\"ReadAction\",\"target\":[\"https:\\\/\\\/octafy.com\\\/pt\\\/industria\\\/\"]}]},{\"@type\":\"BreadcrumbList\",\"@id\":\"https:\\\/\\\/octafy.com\\\/pt\\\/industria\\\/#breadcrumb\",\"itemListElement\":[{\"@type\":\"ListItem\",\"position\":1,\"name\":\"Home\",\"item\":\"https:\\\/\\\/octafy.com\\\/pt\\\/\"},{\"@type\":\"ListItem\",\"position\":2,\"name\":\"Ind\u00fastria\"}]},{\"@type\":\"WebSite\",\"@id\":\"https:\\\/\\\/octafy.com\\\/pt\\\/#website\",\"url\":\"https:\\\/\\\/octafy.com\\\/pt\\\/\",\"name\":\"Octafy\",\"description\":\"\",\"publisher\":{\"@id\":\"https:\\\/\\\/octafy.com\\\/pt\\\/#organization\"},\"potentialAction\":[{\"@type\":\"SearchAction\",\"target\":{\"@type\":\"EntryPoint\",\"urlTemplate\":\"https:\\\/\\\/octafy.com\\\/pt\\\/?s={search_term_string}\"},\"query-input\":{\"@type\":\"PropertyValueSpecification\",\"valueRequired\":true,\"valueName\":\"search_term_string\"}}],\"inLanguage\":\"pt-BR\"},{\"@type\":\"Organization\",\"@id\":\"https:\\\/\\\/octafy.com\\\/pt\\\/#organization\",\"name\":\"Octafy\",\"url\":\"https:\\\/\\\/octafy.com\\\/pt\\\/\",\"logo\":{\"@type\":\"ImageObject\",\"inLanguage\":\"pt-BR\",\"@id\":\"https:\\\/\\\/octafy.com\\\/pt\\\/#\\\/schema\\\/logo\\\/image\\\/\",\"url\":\"https:\\\/\\\/octafy.com\\\/pt\\\/wp-content\\\/uploads\\\/2025\\\/02\\\/octafy_featured-image.png\",\"contentUrl\":\"https:\\\/\\\/octafy.com\\\/pt\\\/wp-content\\\/uploads\\\/2025\\\/02\\\/octafy_featured-image.png\",\"width\":1200,\"height\":630,\"caption\":\"Octafy\"},\"image\":{\"@id\":\"https:\\\/\\\/octafy.com\\\/pt\\\/#\\\/schema\\\/logo\\\/image\\\/\"}}]}<\/script>\n<!-- \/ Yoast SEO plugin. -->","yoast_head_json":{"title":"Ind\u00fastria | Octafy","description":"Potencialize a ind\u00fastria com tecnologia inovadora e intelig\u00eancia coletiva.","robots":{"index":"index","follow":"follow","max-snippet":"max-snippet:-1","max-image-preview":"max-image-preview:large","max-video-preview":"max-video-preview:-1"},"canonical":"https:\/\/octafy.com\/pt\/industria\/","og_locale":"pt_BR","og_type":"article","og_title":"Ind\u00fastria | Octafy","og_description":"Potencialize a ind\u00fastria com tecnologia inovadora e intelig\u00eancia coletiva.","og_url":"https:\/\/octafy.com\/pt\/industria\/","og_site_name":"Octafy","article_modified_time":"2025-06-30T15:50:01+00:00","og_image":[{"width":1200,"height":630,"url":"https:\/\/octafy.com\/pt\/wp-content\/uploads\/2025\/02\/octafy_featured-image.png","type":"image\/png"}],"twitter_card":"summary_large_image","twitter_misc":{"Est. tempo de leitura":"3 minutos"},"schema":{"@context":"https:\/\/schema.org","@graph":[{"@type":"WebPage","@id":"https:\/\/octafy.com\/pt\/industria\/","url":"https:\/\/octafy.com\/pt\/industria\/","name":"Ind\u00fastria | Octafy","isPartOf":{"@id":"https:\/\/octafy.com\/pt\/#website"},"datePublished":"2025-02-03T12:50:12+00:00","dateModified":"2025-06-30T15:50:01+00:00","description":"Potencialize a ind\u00fastria com tecnologia inovadora e intelig\u00eancia coletiva.","breadcrumb":{"@id":"https:\/\/octafy.com\/pt\/industria\/#breadcrumb"},"inLanguage":"pt-BR","potentialAction":[{"@type":"ReadAction","target":["https:\/\/octafy.com\/pt\/industria\/"]}]},{"@type":"BreadcrumbList","@id":"https:\/\/octafy.com\/pt\/industria\/#breadcrumb","itemListElement":[{"@type":"ListItem","position":1,"name":"Home","item":"https:\/\/octafy.com\/pt\/"},{"@type":"ListItem","position":2,"name":"Ind\u00fastria"}]},{"@type":"WebSite","@id":"https:\/\/octafy.com\/pt\/#website","url":"https:\/\/octafy.com\/pt\/","name":"Octafy","description":"","publisher":{"@id":"https:\/\/octafy.com\/pt\/#organization"},"potentialAction":[{"@type":"SearchAction","target":{"@type":"EntryPoint","urlTemplate":"https:\/\/octafy.com\/pt\/?s={search_term_string}"},"query-input":{"@type":"PropertyValueSpecification","valueRequired":true,"valueName":"search_term_string"}}],"inLanguage":"pt-BR"},{"@type":"Organization","@id":"https:\/\/octafy.com\/pt\/#organization","name":"Octafy","url":"https:\/\/octafy.com\/pt\/","logo":{"@type":"ImageObject","inLanguage":"pt-BR","@id":"https:\/\/octafy.com\/pt\/#\/schema\/logo\/image\/","url":"https:\/\/octafy.com\/pt\/wp-content\/uploads\/2025\/02\/octafy_featured-image.png","contentUrl":"https:\/\/octafy.com\/pt\/wp-content\/uploads\/2025\/02\/octafy_featured-image.png","width":1200,"height":630,"caption":"Octafy"},"image":{"@id":"https:\/\/octafy.com\/pt\/#\/schema\/logo\/image\/"}}]}},"_links":{"self":[{"href":"https:\/\/octafy.com\/pt\/wp-json\/wp\/v2\/pages\/463","targetHints":{"allow":["GET"]}}],"collection":[{"href":"https:\/\/octafy.com\/pt\/wp-json\/wp\/v2\/pages"}],"about":[{"href":"https:\/\/octafy.com\/pt\/wp-json\/wp\/v2\/types\/page"}],"author":[{"embeddable":true,"href":"https:\/\/octafy.com\/pt\/wp-json\/wp\/v2\/users\/1"}],"replies":[{"embeddable":true,"href":"https:\/\/octafy.com\/pt\/wp-json\/wp\/v2\/comments?post=463"}],"version-history":[{"count":0,"href":"https:\/\/octafy.com\/pt\/wp-json\/wp\/v2\/pages\/463\/revisions"}],"wp:attachment":[{"href":"https:\/\/octafy.com\/pt\/wp-json\/wp\/v2\/media?parent=463"}],"curies":[{"name":"wp","href":"https:\/\/api.w.org\/{rel}","templated":true}]}}