{"id":471,"date":"2025-02-03T09:53:01","date_gmt":"2025-02-03T12:53:01","guid":{"rendered":"http:\/\/localhost\/_LYMP_WEB\/octafy\/?page_id=471"},"modified":"2025-06-30T12:47:55","modified_gmt":"2025-06-30T15:47:55","slug":"educacao","status":"publish","type":"page","link":"https:\/\/octafy.com\/pt\/educacao\/","title":{"rendered":"Educa\u00e7\u00e3o"},"content":{"rendered":"<div class=\"container-fluid ctn_full-always ctn_parallax ctn_apresentacao bg_cor-id-2_dark\">\n<div class=\"container ctn\">\n<div class=\"row\">\n<div class=\"500 col-md-6 col-sm-6 effectJs-init effectJs-animate\" data-effectjs=\"fade\" data-effectjs-delay=\"500\" data-effectjs-duration=\"500\">\n<h1 class=\"titulo titulo_45 titulo_600 txt_branco mg-bt_30\">O futuro da\u00a0<span class=\"txt_cor-id-1\">educa\u00e7\u00e3o<\/span>\u00a0mais din\u00e2mico, acess\u00edvel e eficaz.<\/h1>\n<h2 class=\"titulo_20 titulo_400 txt_branco\">Inova\u00e7\u00f5es que\u00a0<span class=\"txt_bg_cor-id-3\">moldam a educa\u00e7\u00e3o<\/span>\u00a0tornando o aprendizado mais interativo e envolvente.<\/h2>\n<\/div>\n<\/div>\n<\/div>\n<div class=\"parallax__container\">\n<div class=\"parallax\" data-parallax-image=\"https:\/\/octafy.com\/pt\/wp-content\/uploads\/2025\/02\/octafy_segmentos_educacao_apresentacao_bg1.jpg\"><\/div>\n<\/div>\n<\/div>\n<div class=\"container-fluid ctn_descritivo-1 bg_branco\">\n<div class=\"container ctn_default\">\n<div class=\"row\">\n<div class=\"500 col-md-8 col-md-push-2 effectJs-init effectJs-animate\" data-effectjs=\"fade\" data-effectjs-duration=\"500\">\n<p>A\u00a0<strong>ind\u00fastria de educa\u00e7\u00e3o<\/strong>\u00a0est\u00e1 sendo impulsionada por inova\u00e7\u00f5es tecnol\u00f3gicas como\u00a0<strong>intelig\u00eancia artificial<\/strong>\u00a0e aprendizado de m\u00e1quina, que permitem personalizar a experi\u00eancia de aprendizagem. A crescente demanda por flexibilidade e acessibilidade est\u00e1 acelerando a ado\u00e7\u00e3o de modelos h\u00edbridos, que combinam o ensino presencial com o online, atendendo a diferentes perfis de alunos. As tend\u00eancias emergentes incluem a an\u00e1lise de dados educacionais para melhorar o desempenho dos alunos e a implementa\u00e7\u00e3o de gamifica\u00e7\u00e3o, tornando o aprendizado mais interativo e envolvente.<picture><source srcset=\"https:\/\/octafy.com\/pt\/wp-content\/webp-express\/webp-images\/uploads\/2025\/02\/octafy_logo_gartner.jpg.webp\" type=\"image\/webp\" \/><\/picture>\n<\/div>\n<\/div>\n<\/div>\n<\/div>\n<div class=\"container-fluid ctn_case ctn_bg-img bg_cor-id-2_dark\">\n<div class=\"container ctn_default\">\n<div class=\"row\">\n<div class=\"500 col-md-8 col-md-push-2 effectJs-init effectJs-animate\" data-effectjs=\"fade\" data-effectjs-duration=\"500\">\n<h2 class=\"titulo titulo_50 titulo_700 txt_cor-id-1 text-center mg-bt_10\">Case de sucesso<\/h2>\n<h3 class=\"titulo_25 titulo_400 txt_branco text-center\">Da teoria \u00e0 pr\u00e1tica:<\/h3>\n<div class=\"txt-default txt_branco\">\n<p class=\"text-center titulo_700\">o setor de educa\u00e7\u00e3o inova e reduz custos ao <span class=\"titulo_55 txt_bg_cor-id-3\">adotar a nuvem<\/span><\/p>\n<\/div>\n<\/div>\n<\/div>\n<\/div>\n<\/div>\n<div class=\"container-fluid ctn_case-descritivo ctn_bg-img\">\n<div class=\"container ctn_default\">\n<div class=\"row\">\n<div class=\"500 col-md-10 col-md-push-1 effectJs-init effectJs-animate\" data-effectjs=\"fade\" data-effectjs-duration=\"500\">\n<div class=\"col_2-1 mg-bt_70 reverse\">\n<div>\n<p>A Funda\u00e7\u00e3o InoversaSul, com\u00a0<strong>60 anos de hist\u00f3ria<\/strong>, \u00e9 uma entidade pioneira na educa\u00e7\u00e3o, ci\u00eancia, tecnologia e inova\u00e7\u00e3o. Com base em Tubar\u00e3o, Santa Catarina, a institui\u00e7\u00e3o tem se destacado por seu papel no desenvolvimento de projetos educacionais e de pesquisa, al\u00e9m de atuar como um agente estrat\u00e9gico de inova\u00e7\u00e3o no Brasil. Seu compromisso com a excel\u00eancia e o impacto social a torna um importante impulsionador do progresso regional e nacional.<\/p>\n<\/div>\n<\/div>\n<div class=\"txt-default\">\n<h3>Desafios<\/h3>\n<p>Com a venda da Unisul para o grupo \u00c2nima, o desafio era transferir toda a base de alunos para os sistemas do novo grupo, que contava com um data center sofisticado, mas caro e excessivo para as necessidades. A solu\u00e7\u00e3o foi adotar a\u00a0<strong>Oracle Cloud<\/strong>, que permitiu manter sistemas avan\u00e7ados como Oracle SOA Suite, SAP e PeopleSoft, reduzindo custos ao pagar apenas pelo uso, com flexibilidade e escalabilidade cont\u00ednuas.<\/p>\n<\/div>\n<\/div>\n<\/div>\n<\/div>\n<\/div>\n<div class=\"container-fluid ctn_destaque bg_cor-id-3\">\n<div class=\"container\">\n<div class=\"row\">\n<div class=\"500 col-md-8 col-md-push-2 effectJs-init effectJs-animate\" data-effectjs=\"fade\" data-effectjs-duration=\"500\">\n<h2 class=\"titulo titulo_25 titulo_400 txt_branco text-center text-italic\"><b>Redu\u00e7\u00e3o de 90% nos custos<\/b>\u00a0com a transi\u00e7\u00e3o para a nuvem,\u00a0<b>mantendo a experi\u00eancia<\/b>\u00a0dos alunos intacta.<\/h2>\n<\/div>\n<\/div>\n<\/div>\n<\/div>\n<div class=\"container-fluid ctn_o-que ctn_cards-icons\">\n<div class=\"container ctn_default\">\n<div class=\"row mg-bt_70\">\n<div class=\"500 col-md-10 col-md-push-1 effectJs-init effectJs-animate\" data-effectjs=\"fade\" data-effectjs-duration=\"500\">\n<h2 class=\"titulo titulo_40 titulo_700 txt_cor-id-2_dark text-center mg-bt_50\">O que entregamos<\/h2>\n<div class=\"txt-default\">\n<p>Migra\u00e7\u00e3o completa do data center local para a Oracle Cloud, com uma\u00a0<strong>an\u00e1lise detalhada de dimensionamento, licenciamento, compatibilidade, seguran\u00e7a e conectividade<\/strong>. A plataforma Exalogic, que inclu\u00eda SOA Suite, WebLogic e BPM Suite, foi re-arquitetada, pois n\u00e3o havia vers\u00e3o dispon\u00edvel em nuvem. A migra\u00e7\u00e3o dos bancos de dados Exadata foi conclu\u00edda com apenas 5 minutos de downtime.<\/p>\n<p>Tamb\u00e9m pioneiros na migra\u00e7\u00e3o do SAP para a nuvem p\u00fablica, migramos servidores Windows e sistemas perif\u00e9ricos, garantindo uma transforma\u00e7\u00e3o eficaz. Ap\u00f3s a migra\u00e7\u00e3o,\u00a0<strong>implementamos servi\u00e7os gerenciados para garantir flexibilidade, continuidade eficiente, agilidade e seguran\u00e7a.<\/strong><\/p>\n<\/div>\n<\/div>\n<\/div>\n<div class=\"row\">\n<div class=\"500 col-md-12 effectJs-init effectJs-animate\" data-effectjs=\"fade\" data-effectjs-duration=\"500\">\n<ul>\n<li>\n<div>\n<h3 class=\"titulo titulo_25 titulo_600 txt_branco text-center mg-bt_10\">Consultoria<\/h3>\n<p class=\"text-center txt_branco\">em licenciamento Oracle.<\/p>\n<\/div>\n<\/li>\n<li>\n<div>\n<h3 class=\"titulo titulo_25 titulo_600 txt_branco text-center mg-bt_10\">Move to Cloud<\/h3>\n<p class=\"text-center txt_branco\">Projeto de migra\u00e7\u00e3o para nuvem<\/p>\n<\/div>\n<\/li>\n<li>\n<div>\n<h3 class=\"titulo titulo_25 titulo_600 txt_branco text-center mg-bt_10\">Implementa\u00e7\u00e3o<\/h3>\n<p class=\"text-center txt_branco\">de Weblogic Suite e SOA Suite<\/p>\n<\/div>\n<\/li>\n<li>\n<div>\n<h3 class=\"titulo titulo_25 titulo_600 txt_branco text-center mg-bt_10\">OFLEX<\/h3>\n<p class=\"text-center txt_branco\">Com um \u00fanico contrato o cliente utiliza seus cr\u00e9ditos para qualquer tecnologia.<\/p>\n<\/div>\n<\/li>\n<li>\n<div>\n<h3 class=\"titulo titulo_25 titulo_600 txt_branco text-center mg-bt_10\">Gest\u00e3o proativa<\/h3>\n<p class=\"text-center txt_branco\">Monitoramento 24&#215;7, implanta\u00e7\u00e3o, suporte especializado e intelig\u00eancia artificial com o Ocean AI.<\/p>\n<\/div>\n<\/li>\n<li>\n<div>\n<h3 class=\"titulo titulo_25 titulo_600 txt_branco text-center mg-bt_10\">Monitoramento<\/h3>\n<p class=\"text-center txt_branco\">e gest\u00e3o de incidentes, recupera\u00e7\u00e3o de desastres e auditorias regulares de seguran\u00e7a.<\/p>\n<\/div>\n<\/li>\n<\/ul>\n<\/div>\n<\/div>\n<\/div>\n<\/div>\n<div class=\"container-fluid ctn_resultados_titulo bg_cor-id-4\">\n<div class=\"container\">\n<div class=\"row\">\n<div class=\"500 col-md-10 col-md-push-1 effectJs-init effectJs-animate\" data-effectjs=\"fade\" data-effectjs-duration=\"500\">\n<h2 class=\"titulo titulo_40 titulo_700 txt_branco text-center\">Resultados<\/h2>\n<\/div>\n<\/div>\n<\/div>\n<\/div>\n<div class=\"container-fluid ctn_resultados ctn_cards-icons bg_branco\">\n<div class=\"container ctn_default\">\n<div class=\"row\">\n<div class=\"500 col-md-12 effectJs-init effectJs-animate\" data-effectjs=\"fade\" data-effectjs-duration=\"500\">\n<ul>\n<li>\n<h3 class=\"titulo titulo_25 titulo_600 txt_cor-id-2_dark text-center mg-bt_10\">Escalabilidade<\/h3>\n<p class=\"text-center\">Crescimento \u00c1gil Sem Depend\u00eancia de Aquisi\u00e7\u00e3o de Hardware e Software.<\/p>\n<\/li>\n<li>\n<h3 class=\"titulo titulo_25 titulo_600 txt_cor-id-2_dark text-center mg-bt_10\">Inova\u00e7\u00e3o<\/h3>\n<p class=\"text-center\">Com a Oracle Cloud, ganha acesso cont\u00ednuo \u00e0s tecnologias mais avan\u00e7adas, como IA.<\/p>\n<\/li>\n<li>\n<h3 class=\"titulo titulo_25 titulo_600 txt_cor-id-2_dark text-center mg-bt_10\">Economia<\/h3>\n<p class=\"text-center\">Mantenha seus sistemas sem limita\u00e7\u00f5es, reduzindo custos, e garantindo a sustentabilidade<\/p>\n<\/li>\n<\/ul>\n<\/div>\n<\/div>\n<div class=\"row\">\n<div class=\"500 col-md-10 col-md-push-1 effectJs-init effectJs-animate\" data-effectjs=\"fade\" data-effectjs-duration=\"500\">\n<div class=\"txt-default\">\n<p><strong>A migra\u00e7\u00e3o para a Oracle Cloud<\/strong>, liderada pela Octafy,\u00a0<strong>garantiu escalabilidade<\/strong>\u00a0sob demanda, eliminou processos lentos de aquisi\u00e7\u00e3o e reduziu significativamente os custos. Com acesso a tecnologias avan\u00e7adas, como IA, a funda\u00e7\u00e3o aprimorou servi\u00e7os para os alunos, mantendo sistemas complexos e eficientes com\u00a0<strong>alta performance e menor custo<\/strong>.<\/p>\n<\/div>\n<\/div>\n<\/div>\n<\/div>\n<\/div>\n","protected":false},"excerpt":{"rendered":"<p>O futuro da\u00a0educa\u00e7\u00e3o\u00a0mais din\u00e2mico, acess\u00edvel e eficaz. Inova\u00e7\u00f5es que\u00a0moldam a educa\u00e7\u00e3o\u00a0tornando o aprendizado mais interativo e envolvente. A\u00a0ind\u00fastria de educa\u00e7\u00e3o\u00a0est\u00e1 &hellip; <a href=\"https:\/\/octafy.com\/pt\/educacao\/\" class=\"more-link\" style=\"display:block;\">Veja mais <span class=\"screen-reader-text\">Educa\u00e7\u00e3o<\/span> <span class=\"meta-nav\">&rarr;<\/span><\/a><\/p>\n","protected":false},"author":1,"featured_media":0,"parent":0,"menu_order":1,"comment_status":"closed","ping_status":"closed","template":"page_segmentos_educacao.php","meta":{"_acf_changed":false,"footnotes":""},"class_list":["post-471","page","type-page","status-publish","hentry"],"acf":[],"yoast_head":"<!-- This site is optimized with the Yoast SEO plugin v27.4 - https:\/\/yoast.com\/product\/yoast-seo-wordpress\/ -->\n<title>Educa\u00e7\u00e3o | Octafy<\/title>\n<meta name=\"description\" content=\"Inova\u00e7\u00f5es que moldam a educa\u00e7\u00e3o tornando o aprendizado mais interativo e envolvente.\" \/>\n<meta name=\"robots\" content=\"index, follow, max-snippet:-1, max-image-preview:large, max-video-preview:-1\" \/>\n<link rel=\"canonical\" href=\"https:\/\/octafy.com\/pt\/educacao\/\" \/>\n<meta property=\"og:locale\" content=\"pt_BR\" \/>\n<meta property=\"og:type\" content=\"article\" \/>\n<meta property=\"og:title\" content=\"Educa\u00e7\u00e3o | Octafy\" \/>\n<meta property=\"og:description\" content=\"Inova\u00e7\u00f5es que moldam a educa\u00e7\u00e3o tornando o aprendizado mais interativo e envolvente.\" \/>\n<meta property=\"og:url\" content=\"https:\/\/octafy.com\/pt\/educacao\/\" \/>\n<meta property=\"og:site_name\" content=\"Octafy\" \/>\n<meta property=\"article:modified_time\" content=\"2025-06-30T15:47:55+00:00\" \/>\n<meta property=\"og:image\" content=\"https:\/\/octafy.com\/pt\/wp-content\/uploads\/2025\/02\/octafy_featured-image.png\" \/>\n\t<meta property=\"og:image:width\" content=\"1200\" \/>\n\t<meta property=\"og:image:height\" content=\"630\" \/>\n\t<meta property=\"og:image:type\" content=\"image\/png\" \/>\n<meta name=\"twitter:card\" content=\"summary_large_image\" \/>\n<meta name=\"twitter:label1\" content=\"Est. tempo de leitura\" \/>\n\t<meta name=\"twitter:data1\" content=\"3 minutos\" \/>\n<script type=\"application\/ld+json\" class=\"yoast-schema-graph\">{\"@context\":\"https:\\\/\\\/schema.org\",\"@graph\":[{\"@type\":\"WebPage\",\"@id\":\"https:\\\/\\\/octafy.com\\\/pt\\\/educacao\\\/\",\"url\":\"https:\\\/\\\/octafy.com\\\/pt\\\/educacao\\\/\",\"name\":\"Educa\u00e7\u00e3o | Octafy\",\"isPartOf\":{\"@id\":\"https:\\\/\\\/octafy.com\\\/pt\\\/#website\"},\"datePublished\":\"2025-02-03T12:53:01+00:00\",\"dateModified\":\"2025-06-30T15:47:55+00:00\",\"description\":\"Inova\u00e7\u00f5es que moldam a educa\u00e7\u00e3o tornando o aprendizado mais interativo e envolvente.\",\"breadcrumb\":{\"@id\":\"https:\\\/\\\/octafy.com\\\/pt\\\/educacao\\\/#breadcrumb\"},\"inLanguage\":\"pt-BR\",\"potentialAction\":[{\"@type\":\"ReadAction\",\"target\":[\"https:\\\/\\\/octafy.com\\\/pt\\\/educacao\\\/\"]}]},{\"@type\":\"BreadcrumbList\",\"@id\":\"https:\\\/\\\/octafy.com\\\/pt\\\/educacao\\\/#breadcrumb\",\"itemListElement\":[{\"@type\":\"ListItem\",\"position\":1,\"name\":\"Home\",\"item\":\"https:\\\/\\\/octafy.com\\\/pt\\\/\"},{\"@type\":\"ListItem\",\"position\":2,\"name\":\"Educa\u00e7\u00e3o\"}]},{\"@type\":\"WebSite\",\"@id\":\"https:\\\/\\\/octafy.com\\\/pt\\\/#website\",\"url\":\"https:\\\/\\\/octafy.com\\\/pt\\\/\",\"name\":\"Octafy\",\"description\":\"\",\"publisher\":{\"@id\":\"https:\\\/\\\/octafy.com\\\/pt\\\/#organization\"},\"potentialAction\":[{\"@type\":\"SearchAction\",\"target\":{\"@type\":\"EntryPoint\",\"urlTemplate\":\"https:\\\/\\\/octafy.com\\\/pt\\\/?s={search_term_string}\"},\"query-input\":{\"@type\":\"PropertyValueSpecification\",\"valueRequired\":true,\"valueName\":\"search_term_string\"}}],\"inLanguage\":\"pt-BR\"},{\"@type\":\"Organization\",\"@id\":\"https:\\\/\\\/octafy.com\\\/pt\\\/#organization\",\"name\":\"Octafy\",\"url\":\"https:\\\/\\\/octafy.com\\\/pt\\\/\",\"logo\":{\"@type\":\"ImageObject\",\"inLanguage\":\"pt-BR\",\"@id\":\"https:\\\/\\\/octafy.com\\\/pt\\\/#\\\/schema\\\/logo\\\/image\\\/\",\"url\":\"https:\\\/\\\/octafy.com\\\/pt\\\/wp-content\\\/uploads\\\/2025\\\/02\\\/octafy_featured-image.png\",\"contentUrl\":\"https:\\\/\\\/octafy.com\\\/pt\\\/wp-content\\\/uploads\\\/2025\\\/02\\\/octafy_featured-image.png\",\"width\":1200,\"height\":630,\"caption\":\"Octafy\"},\"image\":{\"@id\":\"https:\\\/\\\/octafy.com\\\/pt\\\/#\\\/schema\\\/logo\\\/image\\\/\"}}]}<\/script>\n<!-- \/ Yoast SEO plugin. -->","yoast_head_json":{"title":"Educa\u00e7\u00e3o | Octafy","description":"Inova\u00e7\u00f5es que moldam a educa\u00e7\u00e3o tornando o aprendizado mais interativo e envolvente.","robots":{"index":"index","follow":"follow","max-snippet":"max-snippet:-1","max-image-preview":"max-image-preview:large","max-video-preview":"max-video-preview:-1"},"canonical":"https:\/\/octafy.com\/pt\/educacao\/","og_locale":"pt_BR","og_type":"article","og_title":"Educa\u00e7\u00e3o | Octafy","og_description":"Inova\u00e7\u00f5es que moldam a educa\u00e7\u00e3o tornando o aprendizado mais interativo e envolvente.","og_url":"https:\/\/octafy.com\/pt\/educacao\/","og_site_name":"Octafy","article_modified_time":"2025-06-30T15:47:55+00:00","og_image":[{"width":1200,"height":630,"url":"https:\/\/octafy.com\/pt\/wp-content\/uploads\/2025\/02\/octafy_featured-image.png","type":"image\/png"}],"twitter_card":"summary_large_image","twitter_misc":{"Est. tempo de leitura":"3 minutos"},"schema":{"@context":"https:\/\/schema.org","@graph":[{"@type":"WebPage","@id":"https:\/\/octafy.com\/pt\/educacao\/","url":"https:\/\/octafy.com\/pt\/educacao\/","name":"Educa\u00e7\u00e3o | Octafy","isPartOf":{"@id":"https:\/\/octafy.com\/pt\/#website"},"datePublished":"2025-02-03T12:53:01+00:00","dateModified":"2025-06-30T15:47:55+00:00","description":"Inova\u00e7\u00f5es que moldam a educa\u00e7\u00e3o tornando o aprendizado mais interativo e envolvente.","breadcrumb":{"@id":"https:\/\/octafy.com\/pt\/educacao\/#breadcrumb"},"inLanguage":"pt-BR","potentialAction":[{"@type":"ReadAction","target":["https:\/\/octafy.com\/pt\/educacao\/"]}]},{"@type":"BreadcrumbList","@id":"https:\/\/octafy.com\/pt\/educacao\/#breadcrumb","itemListElement":[{"@type":"ListItem","position":1,"name":"Home","item":"https:\/\/octafy.com\/pt\/"},{"@type":"ListItem","position":2,"name":"Educa\u00e7\u00e3o"}]},{"@type":"WebSite","@id":"https:\/\/octafy.com\/pt\/#website","url":"https:\/\/octafy.com\/pt\/","name":"Octafy","description":"","publisher":{"@id":"https:\/\/octafy.com\/pt\/#organization"},"potentialAction":[{"@type":"SearchAction","target":{"@type":"EntryPoint","urlTemplate":"https:\/\/octafy.com\/pt\/?s={search_term_string}"},"query-input":{"@type":"PropertyValueSpecification","valueRequired":true,"valueName":"search_term_string"}}],"inLanguage":"pt-BR"},{"@type":"Organization","@id":"https:\/\/octafy.com\/pt\/#organization","name":"Octafy","url":"https:\/\/octafy.com\/pt\/","logo":{"@type":"ImageObject","inLanguage":"pt-BR","@id":"https:\/\/octafy.com\/pt\/#\/schema\/logo\/image\/","url":"https:\/\/octafy.com\/pt\/wp-content\/uploads\/2025\/02\/octafy_featured-image.png","contentUrl":"https:\/\/octafy.com\/pt\/wp-content\/uploads\/2025\/02\/octafy_featured-image.png","width":1200,"height":630,"caption":"Octafy"},"image":{"@id":"https:\/\/octafy.com\/pt\/#\/schema\/logo\/image\/"}}]}},"_links":{"self":[{"href":"https:\/\/octafy.com\/pt\/wp-json\/wp\/v2\/pages\/471","targetHints":{"allow":["GET"]}}],"collection":[{"href":"https:\/\/octafy.com\/pt\/wp-json\/wp\/v2\/pages"}],"about":[{"href":"https:\/\/octafy.com\/pt\/wp-json\/wp\/v2\/types\/page"}],"author":[{"embeddable":true,"href":"https:\/\/octafy.com\/pt\/wp-json\/wp\/v2\/users\/1"}],"replies":[{"embeddable":true,"href":"https:\/\/octafy.com\/pt\/wp-json\/wp\/v2\/comments?post=471"}],"version-history":[{"count":0,"href":"https:\/\/octafy.com\/pt\/wp-json\/wp\/v2\/pages\/471\/revisions"}],"wp:attachment":[{"href":"https:\/\/octafy.com\/pt\/wp-json\/wp\/v2\/media?parent=471"}],"curies":[{"name":"wp","href":"https:\/\/api.w.org\/{rel}","templated":true}]}}